{"id":197,"date":"2021-11-24T01:42:21","date_gmt":"2021-11-24T01:42:21","guid":{"rendered":"https:\/\/asocide-cat.ddns.net\/?page_id=197"},"modified":"2024-04-26T13:40:27","modified_gmt":"2024-04-26T13:40:27","slug":"sapsc","status":"publish","type":"page","link":"https:\/\/asocide-cat.ddns.net\/ca\/que-fem\/sapsc\/","title":{"rendered":"SAPSC"},"content":{"rendered":"\t\t<div data-elementor-type=\"wp-page\" data-elementor-id=\"197\" class=\"elementor elementor-197\">\n\t\t\t\t\t\t<section class=\"elementor-section elementor-top-section elementor-element elementor-element-1056f65 elementor-section-boxed elementor-section-height-default elementor-section-height-default\" data-id=\"1056f65\" data-element_type=\"section\">\n\t\t\t\t\t\t<div class=\"elementor-container elementor-column-gap-default\">\n\t\t\t\t\t<div class=\"elementor-column elementor-col-100 elementor-top-column elementor-element elementor-element-5fa35b3\" data-id=\"5fa35b3\" data-element_type=\"column\">\n\t\t\t<div class=\"elementor-widget-wrap elementor-element-populated\">\n\t\t\t\t\t\t<div class=\"elementor-element elementor-element-62f5e33 elementor-widget elementor-widget-heading\" data-id=\"62f5e33\" data-element_type=\"widget\" data-widget_type=\"heading.default\">\n\t\t\t\t<div class=\"elementor-widget-container\">\n\t\t\t\t\t<h2 class=\"elementor-heading-title elementor-size-default\">ATENCI\u00d3 PERSONALITZADA (SAPSC)<\/h2>\t\t\t\t<\/div>\n\t\t\t\t<\/div>\n\t\t\t\t<div class=\"elementor-element elementor-element-bf704ea elementor-widget elementor-widget-text-editor\" data-id=\"bf704ea\" data-element_type=\"widget\" data-widget_type=\"text-editor.default\">\n\t\t\t\t<div class=\"elementor-widget-container\">\n\t\t\t\t\t\t\t\t\t<p>El Servei d\u2019Atenci\u00f3 a Persones Sordcegues \u00e9s un servei que oferim a les persones associades que ho sol\u00b7liciten per tal de proporcionar-los dos tipus de serveis:<\/p><p>\u00a0<\/p><p>D\u2019una banda, atenci\u00f3 domicili\u00e0ria, oferint-los estones de comunicaci\u00f3, passeig o realitzar alguna gesti\u00f3 de consum.<br \/>I de l\u2019altra, gestions variades, que poden ser per tel\u00e8fon i a dist\u00e0ncia (demanar una cita, trucar al servei t\u00e8cnic, demanar un pressupost,\u2026), o b\u00e9 presencials (llegir unes instruccions, ajudar a omplir un formulari,\u2026)<\/p><p>\u00a0<\/p><p>El\/La professional pot assessorar i opinar, no fa merament de pont de comunicaci\u00f3, per\u00f2 sempre mantenint la confidencialitat i el respecte envers l\u2019usuari o usu\u00e0ria<\/p><p>\u00a0<\/p><p>Per a sol\u00b7licitar aquest servei, es pot contactar de dilluns a divendres no festius de 9h a 17h a trav\u00e9s dels seg\u00fcents tel\u00e8fons i correu electr\u00f2nic:<\/p><p>\u00a0<\/p><p style=\"padding-left: 80px;\"><a href=\"mailto:sapsc@asocide-cat.org\">sapsc@asocide-cat.org<\/a><\/p><p style=\"padding-left: 80px;\"><a href=\"tel:+34633071087\">633 071 087<\/a><\/p>\t\t\t\t\t\t\t\t<\/div>\n\t\t\t\t<\/div>\n\t\t\t\t\t<\/div>\n\t\t<\/div>\n\t\t\t\t\t<\/div>\n\t\t<\/section>\n\t\t\t\t<\/div>\n\t\t","protected":false},"excerpt":{"rendered":"<p>ATENCI\u00d3 PERSONALITZADA (SAPSC) El Servei d\u2019Atenci\u00f3 a Persones Sordcegues \u00e9s un servei que oferim a les persones associades que ho sol\u00b7liciten per tal de proporcionar-los dos tipus de serveis: \u00a0 D\u2019una banda, atenci\u00f3 domicili\u00e0ria, oferint-los estones de comunicaci\u00f3, passeig o realitzar alguna gesti\u00f3 de consum.I de l\u2019altra, gestions variades, que poden ser per tel\u00e8fon i&hellip; <a class=\"more-link\" href=\"https:\/\/asocide-cat.ddns.net\/ca\/que-fem\/sapsc\/\">Continueu llegint <span class=\"screen-reader-text\">SAPSC<\/span><\/a><\/p>\n","protected":false},"author":1,"featured_media":0,"parent":99,"menu_order":1,"comment_status":"closed","ping_status":"closed","template":"elementor_header_footer","meta":{"footnotes":""},"class_list":["post-197","page","type-page","status-publish","hentry","entry"],"yoast_head":"<!-- This site is optimized with the Yoast SEO plugin v26.6 - https:\/\/yoast.com\/wordpress\/plugins\/seo\/ -->\n<title>SAPSC - ASOCIDE CATALUNYA<\/title>\n<meta name=\"robots\" content=\"index, follow, max-snippet:-1, max-image-preview:large, max-video-preview:-1\" \/>\n<link rel=\"canonical\" href=\"https:\/\/asocide-cat.ddns.net\/ca\/que-fem\/sapsc\/\" \/>\n<meta property=\"og:locale\" content=\"ca_ES\" \/>\n<meta property=\"og:type\" content=\"article\" \/>\n<meta property=\"og:title\" content=\"SAPSC - ASOCIDE CATALUNYA\" \/>\n<meta property=\"og:description\" content=\"ATENCI\u00d3 PERSONALITZADA (SAPSC) El Servei d\u2019Atenci\u00f3 a Persones Sordcegues \u00e9s un servei que oferim a les persones associades que ho sol\u00b7liciten per tal de proporcionar-los dos tipus de serveis: \u00a0 D\u2019una banda, atenci\u00f3 domicili\u00e0ria, oferint-los estones de comunicaci\u00f3, passeig o realitzar alguna gesti\u00f3 de consum.I de l\u2019altra, gestions variades, que poden ser per tel\u00e8fon i&hellip; Continueu llegint SAPSC\" \/>\n<meta property=\"og:url\" content=\"https:\/\/asocide-cat.ddns.net\/ca\/que-fem\/sapsc\/\" \/>\n<meta property=\"og:site_name\" content=\"ASOCIDE CATALUNYA\" \/>\n<meta property=\"article:modified_time\" content=\"2024-04-26T13:40:27+00:00\" \/>\n<meta name=\"twitter:card\" content=\"summary_large_image\" \/>\n<meta name=\"twitter:label1\" content=\"Temps estimat de lectura\" \/>\n\t<meta name=\"twitter:data1\" content=\"1 minut\" \/>\n<script type=\"application\/ld+json\" class=\"yoast-schema-graph\">{\"@context\":\"https:\/\/schema.org\",\"@graph\":[{\"@type\":\"WebPage\",\"@id\":\"https:\/\/asocide-cat.ddns.net\/que-fem\/sapsc\/\",\"url\":\"https:\/\/asocide-cat.ddns.net\/que-fem\/sapsc\/\",\"name\":\"SAPSC - ASOCIDE CATALUNYA\",\"isPartOf\":{\"@id\":\"https:\/\/asocide-cat.ddns.net\/ca\/#website\"},\"datePublished\":\"2021-11-24T01:42:21+00:00\",\"dateModified\":\"2024-04-26T13:40:27+00:00\",\"breadcrumb\":{\"@id\":\"https:\/\/asocide-cat.ddns.net\/que-fem\/sapsc\/#breadcrumb\"},\"inLanguage\":\"ca\",\"potentialAction\":[{\"@type\":\"ReadAction\",\"target\":[\"https:\/\/asocide-cat.ddns.net\/que-fem\/sapsc\/\"]}]},{\"@type\":\"BreadcrumbList\",\"@id\":\"https:\/\/asocide-cat.ddns.net\/que-fem\/sapsc\/#breadcrumb\",\"itemListElement\":[{\"@type\":\"ListItem\",\"position\":1,\"name\":\"Inici\",\"item\":\"https:\/\/asocide-cat.ddns.net\/\"},{\"@type\":\"ListItem\",\"position\":2,\"name\":\"Serveis\",\"item\":\"https:\/\/asocide-cat.ddns.net\/que-fem\/\"},{\"@type\":\"ListItem\",\"position\":3,\"name\":\"SAPSC\"}]},{\"@type\":\"WebSite\",\"@id\":\"https:\/\/asocide-cat.ddns.net\/ca\/#website\",\"url\":\"https:\/\/asocide-cat.ddns.net\/ca\/\",\"name\":\"ASOCIDE CATALUNYA\",\"description\":\"Associaci\u00f3 de sordcecs de Catalunya\",\"publisher\":{\"@id\":\"https:\/\/asocide-cat.ddns.net\/ca\/#organization\"},\"potentialAction\":[{\"@type\":\"SearchAction\",\"target\":{\"@type\":\"EntryPoint\",\"urlTemplate\":\"https:\/\/asocide-cat.ddns.net\/ca\/?s={search_term_string}\"},\"query-input\":{\"@type\":\"PropertyValueSpecification\",\"valueRequired\":true,\"valueName\":\"search_term_string\"}}],\"inLanguage\":\"ca\"},{\"@type\":\"Organization\",\"@id\":\"https:\/\/asocide-cat.ddns.net\/ca\/#organization\",\"name\":\"ASOCIDE CATALUNYA\",\"url\":\"https:\/\/asocide-cat.ddns.net\/ca\/\",\"logo\":{\"@type\":\"ImageObject\",\"inLanguage\":\"ca\",\"@id\":\"https:\/\/asocide-cat.ddns.net\/ca\/#\/schema\/logo\/image\/\",\"url\":\"https:\/\/asocide-cat.ddns.net\/wp-content\/uploads\/2021\/11\/Logo-asocide.jpg\",\"contentUrl\":\"https:\/\/asocide-cat.ddns.net\/wp-content\/uploads\/2021\/11\/Logo-asocide.jpg\",\"width\":110,\"height\":250,\"caption\":\"ASOCIDE CATALUNYA\"},\"image\":{\"@id\":\"https:\/\/asocide-cat.ddns.net\/ca\/#\/schema\/logo\/image\/\"}}]}<\/script>\n<!-- \/ Yoast SEO plugin. -->","yoast_head_json":{"title":"SAPSC - ASOCIDE CATALUNYA","robots":{"index":"index","follow":"follow","max-snippet":"max-snippet:-1","max-image-preview":"max-image-preview:large","max-video-preview":"max-video-preview:-1"},"canonical":"https:\/\/asocide-cat.ddns.net\/ca\/que-fem\/sapsc\/","og_locale":"ca_ES","og_type":"article","og_title":"SAPSC - ASOCIDE CATALUNYA","og_description":"ATENCI\u00d3 PERSONALITZADA (SAPSC) El Servei d\u2019Atenci\u00f3 a Persones Sordcegues \u00e9s un servei que oferim a les persones associades que ho sol\u00b7liciten per tal de proporcionar-los dos tipus de serveis: \u00a0 D\u2019una banda, atenci\u00f3 domicili\u00e0ria, oferint-los estones de comunicaci\u00f3, passeig o realitzar alguna gesti\u00f3 de consum.I de l\u2019altra, gestions variades, que poden ser per tel\u00e8fon i&hellip; Continueu llegint SAPSC","og_url":"https:\/\/asocide-cat.ddns.net\/ca\/que-fem\/sapsc\/","og_site_name":"ASOCIDE CATALUNYA","article_modified_time":"2024-04-26T13:40:27+00:00","twitter_card":"summary_large_image","twitter_misc":{"Temps estimat de lectura":"1 minut"},"schema":{"@context":"https:\/\/schema.org","@graph":[{"@type":"WebPage","@id":"https:\/\/asocide-cat.ddns.net\/que-fem\/sapsc\/","url":"https:\/\/asocide-cat.ddns.net\/que-fem\/sapsc\/","name":"SAPSC - ASOCIDE CATALUNYA","isPartOf":{"@id":"https:\/\/asocide-cat.ddns.net\/ca\/#website"},"datePublished":"2021-11-24T01:42:21+00:00","dateModified":"2024-04-26T13:40:27+00:00","breadcrumb":{"@id":"https:\/\/asocide-cat.ddns.net\/que-fem\/sapsc\/#breadcrumb"},"inLanguage":"ca","potentialAction":[{"@type":"ReadAction","target":["https:\/\/asocide-cat.ddns.net\/que-fem\/sapsc\/"]}]},{"@type":"BreadcrumbList","@id":"https:\/\/asocide-cat.ddns.net\/que-fem\/sapsc\/#breadcrumb","itemListElement":[{"@type":"ListItem","position":1,"name":"Inici","item":"https:\/\/asocide-cat.ddns.net\/"},{"@type":"ListItem","position":2,"name":"Serveis","item":"https:\/\/asocide-cat.ddns.net\/que-fem\/"},{"@type":"ListItem","position":3,"name":"SAPSC"}]},{"@type":"WebSite","@id":"https:\/\/asocide-cat.ddns.net\/ca\/#website","url":"https:\/\/asocide-cat.ddns.net\/ca\/","name":"ASOCIDE CATALUNYA","description":"Associaci\u00f3 de sordcecs de Catalunya","publisher":{"@id":"https:\/\/asocide-cat.ddns.net\/ca\/#organization"},"potentialAction":[{"@type":"SearchAction","target":{"@type":"EntryPoint","urlTemplate":"https:\/\/asocide-cat.ddns.net\/ca\/?s={search_term_string}"},"query-input":{"@type":"PropertyValueSpecification","valueRequired":true,"valueName":"search_term_string"}}],"inLanguage":"ca"},{"@type":"Organization","@id":"https:\/\/asocide-cat.ddns.net\/ca\/#organization","name":"ASOCIDE CATALUNYA","url":"https:\/\/asocide-cat.ddns.net\/ca\/","logo":{"@type":"ImageObject","inLanguage":"ca","@id":"https:\/\/asocide-cat.ddns.net\/ca\/#\/schema\/logo\/image\/","url":"https:\/\/asocide-cat.ddns.net\/wp-content\/uploads\/2021\/11\/Logo-asocide.jpg","contentUrl":"https:\/\/asocide-cat.ddns.net\/wp-content\/uploads\/2021\/11\/Logo-asocide.jpg","width":110,"height":250,"caption":"ASOCIDE CATALUNYA"},"image":{"@id":"https:\/\/asocide-cat.ddns.net\/ca\/#\/schema\/logo\/image\/"}}]}},"_links":{"self":[{"href":"https:\/\/asocide-cat.ddns.net\/ca\/wp-json\/wp\/v2\/pages\/197","targetHints":{"allow":["GET"]}}],"collection":[{"href":"https:\/\/asocide-cat.ddns.net\/ca\/wp-json\/wp\/v2\/pages"}],"about":[{"href":"https:\/\/asocide-cat.ddns.net\/ca\/wp-json\/wp\/v2\/types\/page"}],"author":[{"embeddable":true,"href":"https:\/\/asocide-cat.ddns.net\/ca\/wp-json\/wp\/v2\/users\/1"}],"replies":[{"embeddable":true,"href":"https:\/\/asocide-cat.ddns.net\/ca\/wp-json\/wp\/v2\/comments?post=197"}],"version-history":[{"count":9,"href":"https:\/\/asocide-cat.ddns.net\/ca\/wp-json\/wp\/v2\/pages\/197\/revisions"}],"predecessor-version":[{"id":614,"href":"https:\/\/asocide-cat.ddns.net\/ca\/wp-json\/wp\/v2\/pages\/197\/revisions\/614"}],"up":[{"embeddable":true,"href":"https:\/\/asocide-cat.ddns.net\/ca\/wp-json\/wp\/v2\/pages\/99"}],"wp:attachment":[{"href":"https:\/\/asocide-cat.ddns.net\/ca\/wp-json\/wp\/v2\/media?parent=197"}],"curies":[{"name":"wp","href":"https:\/\/api.w.org\/{rel}","templated":true}]}}