{"id":515,"date":"2024-04-25T17:12:37","date_gmt":"2024-04-25T17:12:37","guid":{"rendered":"https:\/\/asocide-cat.ddns.net\/?page_id=515"},"modified":"2024-04-25T17:31:59","modified_gmt":"2024-04-25T17:31:59","slug":"missio-visio-i-valors","status":"publish","type":"page","link":"https:\/\/asocide-cat.ddns.net\/ca\/asocidecat\/missio-visio-i-valors\/","title":{"rendered":"Missi\u00f3, Visi\u00f3 i Valors"},"content":{"rendered":"\t\t<div data-elementor-type=\"wp-page\" data-elementor-id=\"515\" class=\"elementor elementor-515\">\n\t\t\t\t\t\t<section class=\"elementor-section elementor-top-section elementor-element elementor-element-4a0e197 elementor-section-boxed elementor-section-height-default elementor-section-height-default\" data-id=\"4a0e197\" data-element_type=\"section\">\n\t\t\t\t\t\t<div class=\"elementor-container elementor-column-gap-default\">\n\t\t\t\t\t<div class=\"elementor-column elementor-col-100 elementor-top-column elementor-element elementor-element-5a04333\" data-id=\"5a04333\" data-element_type=\"column\">\n\t\t\t<div class=\"elementor-widget-wrap elementor-element-populated\">\n\t\t\t\t\t\t<div class=\"elementor-element elementor-element-958d5d2 elementor-widget elementor-widget-text-editor\" data-id=\"958d5d2\" data-element_type=\"widget\" data-widget_type=\"text-editor.default\">\n\t\t\t\t<div class=\"elementor-widget-container\">\n\t\t\t\t\t\t\t\t\t<p>Representar, defensar els drets i millorar la qualitat de vida de les persones sordcegues.<\/p><p>\u00a0<\/p><p>Ser una entitat per a persones sordcegues on el mateix col\u00b7lectiu \u00e9s el protagonista que treballa per a ser una associaci\u00f3 de refer\u00e8ncia en la lluita dels seus drets, i per donar visibilitat a la sordceguesa dins la societat.<\/p><p>\u00a0<\/p><p>Els nostres valors s\u00f3n:<\/p><ul><li>INCLUSI\u00d3<\/li><li>ACCEPTACI\u00d3<\/li><li>IGUALTAT<\/li><li>PERSPECTIVA DE G\u00c8NERE<\/li><li>SOLIDARITAT<\/li><li>PROFESSIONALITAT<\/li><li>QUALITAT<\/li><li>EFIC\u00c0CIA I EFICI\u00c8NCIA<\/li><li>TRANSPAR\u00c8NCIA<\/li><li>SENSIBILITAT<\/li><li>CONCIENCIACI\u00d3<\/li><li>SOSTENIBILITAT<\/li><\/ul>\t\t\t\t\t\t\t\t<\/div>\n\t\t\t\t<\/div>\n\t\t\t\t\t<\/div>\n\t\t<\/div>\n\t\t\t\t\t<\/div>\n\t\t<\/section>\n\t\t\t\t<\/div>\n\t\t","protected":false},"excerpt":{"rendered":"<p>Representar, defensar els drets i millorar la qualitat de vida de les persones sordcegues. \u00a0 Ser una entitat per a persones sordcegues on el mateix col\u00b7lectiu \u00e9s el protagonista que treballa per a ser una associaci\u00f3 de refer\u00e8ncia en la lluita dels seus drets, i per donar visibilitat a la sordceguesa dins la societat. \u00a0&hellip; <a class=\"more-link\" href=\"https:\/\/asocide-cat.ddns.net\/ca\/asocidecat\/missio-visio-i-valors\/\">Continueu llegint <span class=\"screen-reader-text\">Missi\u00f3, Visi\u00f3 i Valors<\/span><\/a><\/p>\n","protected":false},"author":1,"featured_media":0,"parent":383,"menu_order":2,"comment_status":"closed","ping_status":"closed","template":"elementor_header_footer","meta":{"footnotes":""},"class_list":["post-515","page","type-page","status-publish","hentry","entry"],"yoast_head":"<!-- This site is optimized with the Yoast SEO plugin v26.6 - https:\/\/yoast.com\/wordpress\/plugins\/seo\/ -->\n<title>Missi\u00f3, Visi\u00f3 i Valors - ASOCIDE CATALUNYA<\/title>\n<meta name=\"robots\" content=\"index, follow, max-snippet:-1, max-image-preview:large, max-video-preview:-1\" \/>\n<link rel=\"canonical\" href=\"https:\/\/asocide-cat.ddns.net\/ca\/asocidecat\/missio-visio-i-valors\/\" \/>\n<meta property=\"og:locale\" content=\"ca_ES\" \/>\n<meta property=\"og:type\" content=\"article\" \/>\n<meta property=\"og:title\" content=\"Missi\u00f3, Visi\u00f3 i Valors - ASOCIDE CATALUNYA\" \/>\n<meta property=\"og:description\" content=\"Representar, defensar els drets i millorar la qualitat de vida de les persones sordcegues. \u00a0 Ser una entitat per a persones sordcegues on el mateix col\u00b7lectiu \u00e9s el protagonista que treballa per a ser una associaci\u00f3 de refer\u00e8ncia en la lluita dels seus drets, i per donar visibilitat a la sordceguesa dins la societat. \u00a0&hellip; Continueu llegint Missi\u00f3, Visi\u00f3 i Valors\" \/>\n<meta property=\"og:url\" content=\"https:\/\/asocide-cat.ddns.net\/ca\/asocidecat\/missio-visio-i-valors\/\" \/>\n<meta property=\"og:site_name\" content=\"ASOCIDE CATALUNYA\" \/>\n<meta property=\"article:modified_time\" content=\"2024-04-25T17:31:59+00:00\" \/>\n<meta name=\"twitter:card\" content=\"summary_large_image\" \/>\n<meta name=\"twitter:label1\" content=\"Temps estimat de lectura\" \/>\n\t<meta name=\"twitter:data1\" content=\"1 minut\" \/>\n<script type=\"application\/ld+json\" class=\"yoast-schema-graph\">{\"@context\":\"https:\/\/schema.org\",\"@graph\":[{\"@type\":\"WebPage\",\"@id\":\"https:\/\/asocide-cat.ddns.net\/asocidecat\/missio-visio-i-valors\/\",\"url\":\"https:\/\/asocide-cat.ddns.net\/asocidecat\/missio-visio-i-valors\/\",\"name\":\"Missi\u00f3, Visi\u00f3 i Valors - ASOCIDE CATALUNYA\",\"isPartOf\":{\"@id\":\"https:\/\/asocide-cat.ddns.net\/ca\/#website\"},\"datePublished\":\"2024-04-25T17:12:37+00:00\",\"dateModified\":\"2024-04-25T17:31:59+00:00\",\"breadcrumb\":{\"@id\":\"https:\/\/asocide-cat.ddns.net\/asocidecat\/missio-visio-i-valors\/#breadcrumb\"},\"inLanguage\":\"ca\",\"potentialAction\":[{\"@type\":\"ReadAction\",\"target\":[\"https:\/\/asocide-cat.ddns.net\/asocidecat\/missio-visio-i-valors\/\"]}]},{\"@type\":\"BreadcrumbList\",\"@id\":\"https:\/\/asocide-cat.ddns.net\/asocidecat\/missio-visio-i-valors\/#breadcrumb\",\"itemListElement\":[{\"@type\":\"ListItem\",\"position\":1,\"name\":\"Inici\",\"item\":\"https:\/\/asocide-cat.ddns.net\/\"},{\"@type\":\"ListItem\",\"position\":2,\"name\":\"Asocidecat\",\"item\":\"https:\/\/asocide-cat.ddns.net\/asocidecat\/\"},{\"@type\":\"ListItem\",\"position\":3,\"name\":\"Missi\u00f3, Visi\u00f3 i Valors\"}]},{\"@type\":\"WebSite\",\"@id\":\"https:\/\/asocide-cat.ddns.net\/ca\/#website\",\"url\":\"https:\/\/asocide-cat.ddns.net\/ca\/\",\"name\":\"ASOCIDE CATALUNYA\",\"description\":\"Associaci\u00f3 de sordcecs de Catalunya\",\"publisher\":{\"@id\":\"https:\/\/asocide-cat.ddns.net\/ca\/#organization\"},\"potentialAction\":[{\"@type\":\"SearchAction\",\"target\":{\"@type\":\"EntryPoint\",\"urlTemplate\":\"https:\/\/asocide-cat.ddns.net\/ca\/?s={search_term_string}\"},\"query-input\":{\"@type\":\"PropertyValueSpecification\",\"valueRequired\":true,\"valueName\":\"search_term_string\"}}],\"inLanguage\":\"ca\"},{\"@type\":\"Organization\",\"@id\":\"https:\/\/asocide-cat.ddns.net\/ca\/#organization\",\"name\":\"ASOCIDE CATALUNYA\",\"url\":\"https:\/\/asocide-cat.ddns.net\/ca\/\",\"logo\":{\"@type\":\"ImageObject\",\"inLanguage\":\"ca\",\"@id\":\"https:\/\/asocide-cat.ddns.net\/ca\/#\/schema\/logo\/image\/\",\"url\":\"https:\/\/asocide-cat.ddns.net\/wp-content\/uploads\/2021\/11\/Logo-asocide.jpg\",\"contentUrl\":\"https:\/\/asocide-cat.ddns.net\/wp-content\/uploads\/2021\/11\/Logo-asocide.jpg\",\"width\":110,\"height\":250,\"caption\":\"ASOCIDE CATALUNYA\"},\"image\":{\"@id\":\"https:\/\/asocide-cat.ddns.net\/ca\/#\/schema\/logo\/image\/\"}}]}<\/script>\n<!-- \/ Yoast SEO plugin. -->","yoast_head_json":{"title":"Missi\u00f3, Visi\u00f3 i Valors - ASOCIDE CATALUNYA","robots":{"index":"index","follow":"follow","max-snippet":"max-snippet:-1","max-image-preview":"max-image-preview:large","max-video-preview":"max-video-preview:-1"},"canonical":"https:\/\/asocide-cat.ddns.net\/ca\/asocidecat\/missio-visio-i-valors\/","og_locale":"ca_ES","og_type":"article","og_title":"Missi\u00f3, Visi\u00f3 i Valors - ASOCIDE CATALUNYA","og_description":"Representar, defensar els drets i millorar la qualitat de vida de les persones sordcegues. \u00a0 Ser una entitat per a persones sordcegues on el mateix col\u00b7lectiu \u00e9s el protagonista que treballa per a ser una associaci\u00f3 de refer\u00e8ncia en la lluita dels seus drets, i per donar visibilitat a la sordceguesa dins la societat. \u00a0&hellip; Continueu llegint Missi\u00f3, Visi\u00f3 i Valors","og_url":"https:\/\/asocide-cat.ddns.net\/ca\/asocidecat\/missio-visio-i-valors\/","og_site_name":"ASOCIDE CATALUNYA","article_modified_time":"2024-04-25T17:31:59+00:00","twitter_card":"summary_large_image","twitter_misc":{"Temps estimat de lectura":"1 minut"},"schema":{"@context":"https:\/\/schema.org","@graph":[{"@type":"WebPage","@id":"https:\/\/asocide-cat.ddns.net\/asocidecat\/missio-visio-i-valors\/","url":"https:\/\/asocide-cat.ddns.net\/asocidecat\/missio-visio-i-valors\/","name":"Missi\u00f3, Visi\u00f3 i Valors - ASOCIDE CATALUNYA","isPartOf":{"@id":"https:\/\/asocide-cat.ddns.net\/ca\/#website"},"datePublished":"2024-04-25T17:12:37+00:00","dateModified":"2024-04-25T17:31:59+00:00","breadcrumb":{"@id":"https:\/\/asocide-cat.ddns.net\/asocidecat\/missio-visio-i-valors\/#breadcrumb"},"inLanguage":"ca","potentialAction":[{"@type":"ReadAction","target":["https:\/\/asocide-cat.ddns.net\/asocidecat\/missio-visio-i-valors\/"]}]},{"@type":"BreadcrumbList","@id":"https:\/\/asocide-cat.ddns.net\/asocidecat\/missio-visio-i-valors\/#breadcrumb","itemListElement":[{"@type":"ListItem","position":1,"name":"Inici","item":"https:\/\/asocide-cat.ddns.net\/"},{"@type":"ListItem","position":2,"name":"Asocidecat","item":"https:\/\/asocide-cat.ddns.net\/asocidecat\/"},{"@type":"ListItem","position":3,"name":"Missi\u00f3, Visi\u00f3 i Valors"}]},{"@type":"WebSite","@id":"https:\/\/asocide-cat.ddns.net\/ca\/#website","url":"https:\/\/asocide-cat.ddns.net\/ca\/","name":"ASOCIDE CATALUNYA","description":"Associaci\u00f3 de sordcecs de Catalunya","publisher":{"@id":"https:\/\/asocide-cat.ddns.net\/ca\/#organization"},"potentialAction":[{"@type":"SearchAction","target":{"@type":"EntryPoint","urlTemplate":"https:\/\/asocide-cat.ddns.net\/ca\/?s={search_term_string}"},"query-input":{"@type":"PropertyValueSpecification","valueRequired":true,"valueName":"search_term_string"}}],"inLanguage":"ca"},{"@type":"Organization","@id":"https:\/\/asocide-cat.ddns.net\/ca\/#organization","name":"ASOCIDE CATALUNYA","url":"https:\/\/asocide-cat.ddns.net\/ca\/","logo":{"@type":"ImageObject","inLanguage":"ca","@id":"https:\/\/asocide-cat.ddns.net\/ca\/#\/schema\/logo\/image\/","url":"https:\/\/asocide-cat.ddns.net\/wp-content\/uploads\/2021\/11\/Logo-asocide.jpg","contentUrl":"https:\/\/asocide-cat.ddns.net\/wp-content\/uploads\/2021\/11\/Logo-asocide.jpg","width":110,"height":250,"caption":"ASOCIDE CATALUNYA"},"image":{"@id":"https:\/\/asocide-cat.ddns.net\/ca\/#\/schema\/logo\/image\/"}}]}},"_links":{"self":[{"href":"https:\/\/asocide-cat.ddns.net\/ca\/wp-json\/wp\/v2\/pages\/515","targetHints":{"allow":["GET"]}}],"collection":[{"href":"https:\/\/asocide-cat.ddns.net\/ca\/wp-json\/wp\/v2\/pages"}],"about":[{"href":"https:\/\/asocide-cat.ddns.net\/ca\/wp-json\/wp\/v2\/types\/page"}],"author":[{"embeddable":true,"href":"https:\/\/asocide-cat.ddns.net\/ca\/wp-json\/wp\/v2\/users\/1"}],"replies":[{"embeddable":true,"href":"https:\/\/asocide-cat.ddns.net\/ca\/wp-json\/wp\/v2\/comments?post=515"}],"version-history":[{"count":8,"href":"https:\/\/asocide-cat.ddns.net\/ca\/wp-json\/wp\/v2\/pages\/515\/revisions"}],"predecessor-version":[{"id":535,"href":"https:\/\/asocide-cat.ddns.net\/ca\/wp-json\/wp\/v2\/pages\/515\/revisions\/535"}],"up":[{"embeddable":true,"href":"https:\/\/asocide-cat.ddns.net\/ca\/wp-json\/wp\/v2\/pages\/383"}],"wp:attachment":[{"href":"https:\/\/asocide-cat.ddns.net\/ca\/wp-json\/wp\/v2\/media?parent=515"}],"curies":[{"name":"wp","href":"https:\/\/api.w.org\/{rel}","templated":true}]}}