{"id":679,"date":"2024-04-26T14:44:42","date_gmt":"2024-04-26T14:44:42","guid":{"rendered":"https:\/\/asocide-cat.ddns.net\/?page_id=679"},"modified":"2024-04-26T14:47:31","modified_gmt":"2024-04-26T14:47:31","slug":"pautes","status":"publish","type":"page","link":"https:\/\/asocide-cat.ddns.net\/ca\/sordceguesa\/pautes\/","title":{"rendered":"Pautes"},"content":{"rendered":"\t\t<div data-elementor-type=\"wp-page\" data-elementor-id=\"679\" class=\"elementor elementor-679\">\n\t\t\t\t\t\t<section class=\"elementor-section elementor-top-section elementor-element elementor-element-db0f4a3 elementor-section-boxed elementor-section-height-default elementor-section-height-default\" data-id=\"db0f4a3\" data-element_type=\"section\">\n\t\t\t\t\t\t<div class=\"elementor-container elementor-column-gap-default\">\n\t\t\t\t\t<div class=\"elementor-column elementor-col-100 elementor-top-column elementor-element elementor-element-1b031dc\" data-id=\"1b031dc\" data-element_type=\"column\">\n\t\t\t<div class=\"elementor-widget-wrap elementor-element-populated\">\n\t\t\t\t\t\t<div class=\"elementor-element elementor-element-0c9d087 elementor-widget elementor-widget-heading\" data-id=\"0c9d087\" data-element_type=\"widget\" data-widget_type=\"heading.default\">\n\t\t\t\t<div class=\"elementor-widget-container\">\n\t\t\t\t\t<h2 class=\"elementor-heading-title elementor-size-default\">Pautes<\/h2>\t\t\t\t<\/div>\n\t\t\t\t<\/div>\n\t\t\t\t<div class=\"elementor-element elementor-element-5faa783 elementor-widget elementor-widget-text-editor\" data-id=\"5faa783\" data-element_type=\"widget\" data-widget_type=\"text-editor.default\">\n\t\t\t\t<div class=\"elementor-widget-container\">\n\t\t\t\t\t\t\t\t\t<p>Els seg\u00fcents consells poden servir per a sentir-nos m\u00e9s segurs i facilitar aix\u00ed la comunicaci\u00f3 quan estem davant d\u2019una persona sordcega:<\/p><p>\u00a0<\/p><ol><li>El primer que s\u2019ha de fer sempre \u00e9s donar a con\u00e8ixer la nostra pres\u00e8ncia a la persona sordcega, tocant-li suaument l\u2019espatlla o el bra\u00e7. Si est\u00e0 concentrada realitzant alguna tasca, esperarem fins que pugui atendre\u2019ns. En el cas que conservi una mica de vista, ens posarem dins el seu camp visual.<\/li><li>A continuaci\u00f3 ens hem d\u2019identificar. Diem qui som lletrejant el nostre nom o fent el signe ens representa i pel qual ens coneix. No es convenient jugar a les endevinalles. Encara que ens conegui, hem de comunicar qui som per evitar confusions.<\/li><li>Si duu audi\u00f2fon perqu\u00e8 pot entendre\u2019ns, ens dirigirem a ella de manera clara i directa, sempre vocalitzant b\u00e9. En aquests casos conv\u00e9 evitar llocs sorollosos.<\/li><li>Si el que conserva \u00e9s una mica de vista, tractarem de no sortir dels l\u00edmits del seu camp visual. Pot ser que ens pugui entendre a trav\u00e9s de la lectura labial o utilitzant la llengua de signes. Si ens quedem sense recursos, podem escriure en un paper blanc amb lletres grans i amb un retolador negre de punta gruixuda, per aconseguir un millor contrast. Un lloc ben il\u00b7luminat far\u00e0 m\u00e9s efica\u00e7 la comunicaci\u00f3.<\/li><li>Hem d\u2019utilitzar el sistema de comunicaci\u00f3 m\u00e9s adequat. El nostre interlocutor ens indicar\u00e0 quin prefereix o coneix millor. Normalment, el dactilol\u00f2gic al palmell i la llengua de signes recolzada s\u00f3n els m\u00e9s estesos entre el col\u00b7lectiu sordcec.<\/li><li>Cal tenir paci\u00e8ncia, potser al principi costa una mica tenir una comunicaci\u00f3 flu\u00efda, per\u00f2 amb la pr\u00e0ctica ens anirem familiaritzant amb el sistema escollit i l\u2019efic\u00e0cia en la comunicaci\u00f3 augmentar\u00e0.<\/li><li>Dins d\u2019una conversa entre v\u00e0ries persones, hem de fer d\u2019int\u00e8rpret de llengua de signes i indicar quan t\u00e9 el torn de paraula la persona sordcega a la que s\u2019acompanya. Aix\u00ed com informar-la de qui est\u00e0 parlant cada vegada.<\/li><li>No ens hem d\u2019oblidar mai d\u2019acomiadar-nos. Si hem de sortir un moment, se li diu i es deixa la persona sordcega en un lloc c\u00f2mode i segur. No \u00e9s aconsellable deixar-la sola en un lloc desconegut.<\/li><li>En despla\u00e7aments, durant els quals se\u2019ls est\u00e0 guiant, s\u2019ha de deixar que s\u2019agafin a nosaltres, normalment per damunt del colze o per l\u2019espatlla, per seguir millor els nostres moviments. Mai han d\u2019anar per davant nostre. Durant el trajecte, s\u2019ha d\u2019informar amb signes convinguts de qualsevol canvi de nivell com escales, rampes, voreres, etc.<\/li><li>Se li ha de transmetre sempre la informaci\u00f3 ambiental, tant ac\u00fastica com visual, i si hi ha alguna cosa que ens sembla interessant i que pot tocar, sempre mirar de mostrar-li.<\/li><li>Finalment, recordar que sempre comunicar-nos amb una persona sordcega vol dir parlar amb ella, per tant oblidar prejudicis i mirades alienes.<\/li><\/ol>\t\t\t\t\t\t\t\t<\/div>\n\t\t\t\t<\/div>\n\t\t\t\t\t<\/div>\n\t\t<\/div>\n\t\t\t\t\t<\/div>\n\t\t<\/section>\n\t\t\t\t<\/div>\n\t\t","protected":false},"excerpt":{"rendered":"<p>Pautes Els seg\u00fcents consells poden servir per a sentir-nos m\u00e9s segurs i facilitar aix\u00ed la comunicaci\u00f3 quan estem davant d\u2019una persona sordcega: \u00a0 El primer que s\u2019ha de fer sempre \u00e9s donar a con\u00e8ixer la nostra pres\u00e8ncia a la persona sordcega, tocant-li suaument l\u2019espatlla o el bra\u00e7. Si est\u00e0 concentrada realitzant alguna tasca, esperarem fins&hellip; <a class=\"more-link\" href=\"https:\/\/asocide-cat.ddns.net\/ca\/sordceguesa\/pautes\/\">Continueu llegint <span class=\"screen-reader-text\">Pautes<\/span><\/a><\/p>\n","protected":false},"author":1,"featured_media":0,"parent":668,"menu_order":1,"comment_status":"closed","ping_status":"closed","template":"elementor_header_footer","meta":{"footnotes":""},"class_list":["post-679","page","type-page","status-publish","hentry","entry"],"yoast_head":"<!-- This site is optimized with the Yoast SEO plugin v26.6 - https:\/\/yoast.com\/wordpress\/plugins\/seo\/ -->\n<title>Pautes - ASOCIDE CATALUNYA<\/title>\n<meta name=\"robots\" content=\"index, follow, max-snippet:-1, max-image-preview:large, max-video-preview:-1\" \/>\n<link rel=\"canonical\" href=\"https:\/\/asocide-cat.ddns.net\/ca\/sordceguesa\/pautes\/\" \/>\n<meta property=\"og:locale\" content=\"ca_ES\" \/>\n<meta property=\"og:type\" content=\"article\" \/>\n<meta property=\"og:title\" content=\"Pautes - ASOCIDE CATALUNYA\" \/>\n<meta property=\"og:description\" content=\"Pautes Els seg\u00fcents consells poden servir per a sentir-nos m\u00e9s segurs i facilitar aix\u00ed la comunicaci\u00f3 quan estem davant d\u2019una persona sordcega: \u00a0 El primer que s\u2019ha de fer sempre \u00e9s donar a con\u00e8ixer la nostra pres\u00e8ncia a la persona sordcega, tocant-li suaument l\u2019espatlla o el bra\u00e7. Si est\u00e0 concentrada realitzant alguna tasca, esperarem fins&hellip; Continueu llegint Pautes\" \/>\n<meta property=\"og:url\" content=\"https:\/\/asocide-cat.ddns.net\/ca\/sordceguesa\/pautes\/\" \/>\n<meta property=\"og:site_name\" content=\"ASOCIDE CATALUNYA\" \/>\n<meta property=\"article:modified_time\" content=\"2024-04-26T14:47:31+00:00\" \/>\n<meta name=\"twitter:card\" content=\"summary_large_image\" \/>\n<meta name=\"twitter:label1\" content=\"Temps estimat de lectura\" \/>\n\t<meta name=\"twitter:data1\" content=\"3 minuts\" \/>\n<script type=\"application\/ld+json\" class=\"yoast-schema-graph\">{\"@context\":\"https:\/\/schema.org\",\"@graph\":[{\"@type\":\"WebPage\",\"@id\":\"https:\/\/asocide-cat.ddns.net\/sordceguesa\/pautes\/\",\"url\":\"https:\/\/asocide-cat.ddns.net\/sordceguesa\/pautes\/\",\"name\":\"Pautes - ASOCIDE CATALUNYA\",\"isPartOf\":{\"@id\":\"https:\/\/asocide-cat.ddns.net\/ca\/#website\"},\"datePublished\":\"2024-04-26T14:44:42+00:00\",\"dateModified\":\"2024-04-26T14:47:31+00:00\",\"breadcrumb\":{\"@id\":\"https:\/\/asocide-cat.ddns.net\/sordceguesa\/pautes\/#breadcrumb\"},\"inLanguage\":\"ca\",\"potentialAction\":[{\"@type\":\"ReadAction\",\"target\":[\"https:\/\/asocide-cat.ddns.net\/sordceguesa\/pautes\/\"]}]},{\"@type\":\"BreadcrumbList\",\"@id\":\"https:\/\/asocide-cat.ddns.net\/sordceguesa\/pautes\/#breadcrumb\",\"itemListElement\":[{\"@type\":\"ListItem\",\"position\":1,\"name\":\"Inici\",\"item\":\"https:\/\/asocide-cat.ddns.net\/\"},{\"@type\":\"ListItem\",\"position\":2,\"name\":\"Sordceguesa\",\"item\":\"https:\/\/asocide-cat.ddns.net\/sordceguesa\/\"},{\"@type\":\"ListItem\",\"position\":3,\"name\":\"Pautes\"}]},{\"@type\":\"WebSite\",\"@id\":\"https:\/\/asocide-cat.ddns.net\/ca\/#website\",\"url\":\"https:\/\/asocide-cat.ddns.net\/ca\/\",\"name\":\"ASOCIDE CATALUNYA\",\"description\":\"Associaci\u00f3 de sordcecs de Catalunya\",\"publisher\":{\"@id\":\"https:\/\/asocide-cat.ddns.net\/ca\/#organization\"},\"potentialAction\":[{\"@type\":\"SearchAction\",\"target\":{\"@type\":\"EntryPoint\",\"urlTemplate\":\"https:\/\/asocide-cat.ddns.net\/ca\/?s={search_term_string}\"},\"query-input\":{\"@type\":\"PropertyValueSpecification\",\"valueRequired\":true,\"valueName\":\"search_term_string\"}}],\"inLanguage\":\"ca\"},{\"@type\":\"Organization\",\"@id\":\"https:\/\/asocide-cat.ddns.net\/ca\/#organization\",\"name\":\"ASOCIDE CATALUNYA\",\"url\":\"https:\/\/asocide-cat.ddns.net\/ca\/\",\"logo\":{\"@type\":\"ImageObject\",\"inLanguage\":\"ca\",\"@id\":\"https:\/\/asocide-cat.ddns.net\/ca\/#\/schema\/logo\/image\/\",\"url\":\"https:\/\/asocide-cat.ddns.net\/wp-content\/uploads\/2021\/11\/Logo-asocide.jpg\",\"contentUrl\":\"https:\/\/asocide-cat.ddns.net\/wp-content\/uploads\/2021\/11\/Logo-asocide.jpg\",\"width\":110,\"height\":250,\"caption\":\"ASOCIDE CATALUNYA\"},\"image\":{\"@id\":\"https:\/\/asocide-cat.ddns.net\/ca\/#\/schema\/logo\/image\/\"}}]}<\/script>\n<!-- \/ Yoast SEO plugin. -->","yoast_head_json":{"title":"Pautes - ASOCIDE CATALUNYA","robots":{"index":"index","follow":"follow","max-snippet":"max-snippet:-1","max-image-preview":"max-image-preview:large","max-video-preview":"max-video-preview:-1"},"canonical":"https:\/\/asocide-cat.ddns.net\/ca\/sordceguesa\/pautes\/","og_locale":"ca_ES","og_type":"article","og_title":"Pautes - ASOCIDE CATALUNYA","og_description":"Pautes Els seg\u00fcents consells poden servir per a sentir-nos m\u00e9s segurs i facilitar aix\u00ed la comunicaci\u00f3 quan estem davant d\u2019una persona sordcega: \u00a0 El primer que s\u2019ha de fer sempre \u00e9s donar a con\u00e8ixer la nostra pres\u00e8ncia a la persona sordcega, tocant-li suaument l\u2019espatlla o el bra\u00e7. Si est\u00e0 concentrada realitzant alguna tasca, esperarem fins&hellip; Continueu llegint Pautes","og_url":"https:\/\/asocide-cat.ddns.net\/ca\/sordceguesa\/pautes\/","og_site_name":"ASOCIDE CATALUNYA","article_modified_time":"2024-04-26T14:47:31+00:00","twitter_card":"summary_large_image","twitter_misc":{"Temps estimat de lectura":"3 minuts"},"schema":{"@context":"https:\/\/schema.org","@graph":[{"@type":"WebPage","@id":"https:\/\/asocide-cat.ddns.net\/sordceguesa\/pautes\/","url":"https:\/\/asocide-cat.ddns.net\/sordceguesa\/pautes\/","name":"Pautes - ASOCIDE CATALUNYA","isPartOf":{"@id":"https:\/\/asocide-cat.ddns.net\/ca\/#website"},"datePublished":"2024-04-26T14:44:42+00:00","dateModified":"2024-04-26T14:47:31+00:00","breadcrumb":{"@id":"https:\/\/asocide-cat.ddns.net\/sordceguesa\/pautes\/#breadcrumb"},"inLanguage":"ca","potentialAction":[{"@type":"ReadAction","target":["https:\/\/asocide-cat.ddns.net\/sordceguesa\/pautes\/"]}]},{"@type":"BreadcrumbList","@id":"https:\/\/asocide-cat.ddns.net\/sordceguesa\/pautes\/#breadcrumb","itemListElement":[{"@type":"ListItem","position":1,"name":"Inici","item":"https:\/\/asocide-cat.ddns.net\/"},{"@type":"ListItem","position":2,"name":"Sordceguesa","item":"https:\/\/asocide-cat.ddns.net\/sordceguesa\/"},{"@type":"ListItem","position":3,"name":"Pautes"}]},{"@type":"WebSite","@id":"https:\/\/asocide-cat.ddns.net\/ca\/#website","url":"https:\/\/asocide-cat.ddns.net\/ca\/","name":"ASOCIDE CATALUNYA","description":"Associaci\u00f3 de sordcecs de Catalunya","publisher":{"@id":"https:\/\/asocide-cat.ddns.net\/ca\/#organization"},"potentialAction":[{"@type":"SearchAction","target":{"@type":"EntryPoint","urlTemplate":"https:\/\/asocide-cat.ddns.net\/ca\/?s={search_term_string}"},"query-input":{"@type":"PropertyValueSpecification","valueRequired":true,"valueName":"search_term_string"}}],"inLanguage":"ca"},{"@type":"Organization","@id":"https:\/\/asocide-cat.ddns.net\/ca\/#organization","name":"ASOCIDE CATALUNYA","url":"https:\/\/asocide-cat.ddns.net\/ca\/","logo":{"@type":"ImageObject","inLanguage":"ca","@id":"https:\/\/asocide-cat.ddns.net\/ca\/#\/schema\/logo\/image\/","url":"https:\/\/asocide-cat.ddns.net\/wp-content\/uploads\/2021\/11\/Logo-asocide.jpg","contentUrl":"https:\/\/asocide-cat.ddns.net\/wp-content\/uploads\/2021\/11\/Logo-asocide.jpg","width":110,"height":250,"caption":"ASOCIDE CATALUNYA"},"image":{"@id":"https:\/\/asocide-cat.ddns.net\/ca\/#\/schema\/logo\/image\/"}}]}},"_links":{"self":[{"href":"https:\/\/asocide-cat.ddns.net\/ca\/wp-json\/wp\/v2\/pages\/679","targetHints":{"allow":["GET"]}}],"collection":[{"href":"https:\/\/asocide-cat.ddns.net\/ca\/wp-json\/wp\/v2\/pages"}],"about":[{"href":"https:\/\/asocide-cat.ddns.net\/ca\/wp-json\/wp\/v2\/types\/page"}],"author":[{"embeddable":true,"href":"https:\/\/asocide-cat.ddns.net\/ca\/wp-json\/wp\/v2\/users\/1"}],"replies":[{"embeddable":true,"href":"https:\/\/asocide-cat.ddns.net\/ca\/wp-json\/wp\/v2\/comments?post=679"}],"version-history":[{"count":7,"href":"https:\/\/asocide-cat.ddns.net\/ca\/wp-json\/wp\/v2\/pages\/679\/revisions"}],"predecessor-version":[{"id":687,"href":"https:\/\/asocide-cat.ddns.net\/ca\/wp-json\/wp\/v2\/pages\/679\/revisions\/687"}],"up":[{"embeddable":true,"href":"https:\/\/asocide-cat.ddns.net\/ca\/wp-json\/wp\/v2\/pages\/668"}],"wp:attachment":[{"href":"https:\/\/asocide-cat.ddns.net\/ca\/wp-json\/wp\/v2\/media?parent=679"}],"curies":[{"name":"wp","href":"https:\/\/api.w.org\/{rel}","templated":true}]}}