{"id":688,"date":"2024-04-26T14:48:46","date_gmt":"2024-04-26T14:48:46","guid":{"rendered":"https:\/\/asocide-cat.ddns.net\/?page_id=688"},"modified":"2024-04-26T17:41:46","modified_gmt":"2024-04-26T17:41:46","slug":"necessitats","status":"publish","type":"page","link":"https:\/\/asocide-cat.ddns.net\/ca\/sordceguesa\/necessitats\/","title":{"rendered":"Necessitats"},"content":{"rendered":"\t\t<div data-elementor-type=\"wp-page\" data-elementor-id=\"688\" class=\"elementor elementor-688\">\n\t\t\t\t\t\t<section class=\"elementor-section elementor-top-section elementor-element elementor-element-bfa66a6 elementor-section-boxed elementor-section-height-default elementor-section-height-default\" data-id=\"bfa66a6\" data-element_type=\"section\">\n\t\t\t\t\t\t<div class=\"elementor-container elementor-column-gap-default\">\n\t\t\t\t\t<div class=\"elementor-column elementor-col-100 elementor-top-column elementor-element elementor-element-cc96204\" data-id=\"cc96204\" data-element_type=\"column\">\n\t\t\t<div class=\"elementor-widget-wrap elementor-element-populated\">\n\t\t\t\t\t\t<div class=\"elementor-element elementor-element-2561eda elementor-widget elementor-widget-heading\" data-id=\"2561eda\" data-element_type=\"widget\" data-widget_type=\"heading.default\">\n\t\t\t\t<div class=\"elementor-widget-container\">\n\t\t\t\t\t<h2 class=\"elementor-heading-title elementor-size-default\">Necessitats<\/h2>\t\t\t\t<\/div>\n\t\t\t\t<\/div>\n\t\t\t\t<div class=\"elementor-element elementor-element-6e0cfa9 elementor-widget elementor-widget-text-editor\" data-id=\"6e0cfa9\" data-element_type=\"widget\" data-widget_type=\"text-editor.default\">\n\t\t\t\t<div class=\"elementor-widget-container\">\n\t\t\t\t\t\t\t\t\t<p>La sordceguesa presenta unes caracter\u00edstiques molt diferents, sobretot segons l&#8217;edat en qu\u00e8 apareix.<\/p><p>En el cas de les persones amb sordceguesa cong\u00e8nita la tasca fonamental \u00e9s la de construir el m\u00f3n en la ment de l&#8217;infant. En el cas de la sordceguesa adquirida, tenim, en canvi, la tasca de reconstruir de nou un m\u00f3n ja conegut.<\/p><p>\u00a0<\/p><p>Les persones amb sordceguesa adquirida han tingut ja experi\u00e8ncies visuals i\/o auditives i han adquirit un bagatge de coneixements. A m\u00e9s, tenen una clara consci\u00e8ncia de la p\u00e8rdua sensorial, ja que han perdut el sentit en qu\u00e8 s&#8217;estaven donant suport abans, o b\u00e9, han perdut tots dos alhora.<\/p><p>\u00a0<\/p><p>Tant la sordceguesa cong\u00e8nita com la sordceguesa adquirida poden, al seu torn, subdividir-se en altres grups, segons factors com: l&#8217;edat d&#8217;aparici\u00f3, el grau de lesi\u00f3 en cadascun dels sentits, l&#8217;etiologia, el nivell intel\u00b7lectual i cognitiu, l&#8217;exist\u00e8ncia d&#8217;altres malalties o d&#8217;altres discapacitats associades, etc.<\/p><p>\u00a0<\/p><p>Si recordem que els recursos i estrat\u00e8gies que utilitzen les persones que nom\u00e9s han perdut un dels dos sentits es basen, precisament, en la intensiva utilitzaci\u00f3 de l&#8217;altre, veurem molt clar que la combinaci\u00f3 de les dues lesions fa de la sordceguesa una discapacitat \u00fanica, que hem de veure com un tot, perqu\u00e8 crea problemes espec\u00edfics, la resoluci\u00f3 de les quals requereix estrat\u00e8gies diferents i serveis espec\u00edfics.<\/p><p>\u00a0<\/p><p>Aquests problemes s\u00f3n fonamentalment: la mobilitat, l&#8217; acc\u00e9s a la informaci\u00f3 i molt especialment, la comunicaci\u00f3.<\/p><p>\u00a0<\/p><p>No es tracta nom\u00e9s de la comunicaci\u00f3 amb els altres, sin\u00f3 tamb\u00e9 de comunicar-se amb l&#8217;entorn, saber qu\u00e8 est\u00e0 passant al voltant.<\/p><p>\u00a0<\/p><p>No tenir un coneixement immediat del que passa i del que es diu en l&#8217; entorn, produeix un canvi radical en totes les estructures de la vida d&#8217; una persona: f\u00edsic, psicol\u00f2gic, cultural i social.<\/p><p>\u00a0<\/p><p>Per tant, les persones sordcegues tenen necessitats i requereixen serveis espec\u00edfics que les contemplin.<\/p><p>\u00a0<\/p><p>La coordinaci\u00f3 dels programes individualitzats \u00e9s fonamental per al futur de les persones sordcegues. I dins d&#8217; aquesta perspectiva, els serveis que es necessiten b\u00e0sicament s\u00f3n:<\/p><p>\u00a0<\/p><ul><li><strong>COMUNICACI\u00d3<\/strong><\/li><\/ul><p>La qualitat del programa dep\u00e8n de la qualitat del desenvolupament de la comunicaci\u00f3. Les persones sordcegues no nom\u00e9s necessiten desenvolupar una via de comunicaci\u00f3, sin\u00f3 tamb\u00e9 desenvolupar al m\u00e0xim els sentits que posseeix i les habilitats comunicatives amb el p\u00fablic.<br \/>Un sistema pot ser m\u00e9s apropiat per a un individu o un altre, per\u00f2 no obstant aix\u00f2, \u00e9s essencial l&#8217; ensenyament del major nombre de m\u00e8todes de comunicaci\u00f3 possible, per tenir la possibilitat de comunicar-se en el major nombre de situacions possibles.<\/p><p>\u00a0<\/p><ul><li><strong>REHABILITACI\u00d3<\/strong><\/li><\/ul><p>Programes de rehabilitaci\u00f3: orientaci\u00f3 i mobilitat, activitats de vida di\u00e0ria, vida independent, que inclouen, entre altres aprenentatges: l&#8217; \u00fas del bast\u00f3, el maneig dels diners, maneig de la casa i cuina, compres, comunicaci\u00f3 amb el p\u00fablic, sistemes per obtenir informaci\u00f3 de l&#8217; entorn, etc.<\/p><p>\u00a0<\/p><ul><li><strong>SUPORT PSICOL\u00d2GIC<\/strong><\/li><\/ul><p>Acceptaci\u00f3 de la discapacitat i desenvolupament d&#8217; actituds positives.<\/p><p>\u00a0<\/p><ul><li><strong>MITJANS T\u00c8CNICS I TECNOL\u00d2GICS<\/strong><\/li><\/ul><p>\u00das d&#8217; avisadors de sons ambientals, alarmes, dispositius per a la comunicaci\u00f3 i telecomunicaci\u00f3, ordinadors, etc. Aprenentatge de tecnologies espec\u00edfiques i de suport que ens ajudin a accedir a la informaci\u00f3 i ens permetin la comunicaci\u00f3 a dist\u00e0ncia, etc.<\/p><p>\u00a0<\/p><ul><li><strong>EDUCACI\u00d3<\/strong><\/li><\/ul><p>Adaptaci\u00f3 curricular, major temps per a la formaci\u00f3, atenci\u00f3 primerenca de l&#8217; infant sordcec. Completar o continuar l&#8217; educaci\u00f3 i mantenir la independ\u00e8ncia, acc\u00e9s a altres programes de formaci\u00f3 i a l&#8217; educaci\u00f3 superior.<\/p><p>\u00a0<\/p><ul><li><strong><span style=\"color: var( --e-global-color-text ); font-family: var( --e-global-typography-text-font-family ), Sans-serif; font-size: var(--global--font-size-base);\">FORMACI\u00d3 PRE-VOCACIONAL, VOCACIONAL I OCUPACI\u00d3<\/span><\/strong><\/li><\/ul><p>Formaci\u00f3 laboral i col\u00b7locaci\u00f3. La rehabilitaci\u00f3 d&#8217; una persona nom\u00e9s pot acabar quan aquesta s&#8217;integra plenament a nivell laboral i social. Adaptaci\u00f3 del lloc de treball, etc.<\/p><p>\u00a0<\/p><ul><li><strong>SERVEIS DE SUPORT<\/strong><\/li><\/ul><p>Guies-int\u00e8rprets, mediadors\/es i persones volunt\u00e0ries.<\/p><p>\u00a0<\/p><ul><li><strong>ALTERNATIVES DE RESID\u00c8NCIA<\/strong><\/li><\/ul><p>Segons els casos, necessitaran alternatives residencials, com: pisos tutelats , viure en apartaments amb suport, viure a la comunitat independentment, etc.<\/p><p>\u00a0<\/p><ul><li><strong>LLEURE I TEMPS LLIURE<\/strong><\/li><\/ul><p>Activitats socioculturals. La poblaci\u00f3 sordcega viu molt dispersa i t\u00e9 molt poques oportunitats per interactuar entre ells i amb els seus semblants. El contacte i les activitats entre ells mateixos contribuir\u00e0 al desenvolupament de la seva pr\u00f2pia identitat i en l&#8217; efic\u00e0cia del programa de rehabilitaci\u00f3, doncs necessiten la recreaci\u00f3 i la interacci\u00f3 com qualsevol altre grup social.<\/p><p><br \/>En conclusi\u00f3, les persones sordcegues tenen necessitats especials i el seu futur dependr\u00e0 de la qualitat i la quantitat dels serveis que permetin cobrir aquestes necessitats b\u00e0siques.<\/p>\t\t\t\t\t\t\t\t<\/div>\n\t\t\t\t<\/div>\n\t\t\t\t\t<\/div>\n\t\t<\/div>\n\t\t\t\t\t<\/div>\n\t\t<\/section>\n\t\t\t\t<\/div>\n\t\t","protected":false},"excerpt":{"rendered":"<p>Necessitats La sordceguesa presenta unes caracter\u00edstiques molt diferents, sobretot segons l&#8217;edat en qu\u00e8 apareix. En el cas de les persones amb sordceguesa cong\u00e8nita la tasca fonamental \u00e9s la de construir el m\u00f3n en la ment de l&#8217;infant. En el cas de la sordceguesa adquirida, tenim, en canvi, la tasca de reconstruir de nou un m\u00f3n&hellip; <a class=\"more-link\" href=\"https:\/\/asocide-cat.ddns.net\/ca\/sordceguesa\/necessitats\/\">Continueu llegint <span class=\"screen-reader-text\">Necessitats<\/span><\/a><\/p>\n","protected":false},"author":1,"featured_media":0,"parent":668,"menu_order":2,"comment_status":"closed","ping_status":"closed","template":"elementor_header_footer","meta":{"footnotes":""},"class_list":["post-688","page","type-page","status-publish","hentry","entry"],"yoast_head":"<!-- This site is optimized with the Yoast SEO plugin v26.6 - https:\/\/yoast.com\/wordpress\/plugins\/seo\/ -->\n<title>Necessitats - ASOCIDE CATALUNYA<\/title>\n<meta name=\"robots\" content=\"index, follow, max-snippet:-1, max-image-preview:large, max-video-preview:-1\" \/>\n<link rel=\"canonical\" href=\"https:\/\/asocide-cat.ddns.net\/ca\/sordceguesa\/necessitats\/\" \/>\n<meta property=\"og:locale\" content=\"ca_ES\" \/>\n<meta property=\"og:type\" content=\"article\" \/>\n<meta property=\"og:title\" content=\"Necessitats - ASOCIDE CATALUNYA\" \/>\n<meta property=\"og:description\" content=\"Necessitats La sordceguesa presenta unes caracter\u00edstiques molt diferents, sobretot segons l&#8217;edat en qu\u00e8 apareix. En el cas de les persones amb sordceguesa cong\u00e8nita la tasca fonamental \u00e9s la de construir el m\u00f3n en la ment de l&#8217;infant. En el cas de la sordceguesa adquirida, tenim, en canvi, la tasca de reconstruir de nou un m\u00f3n&hellip; Continueu llegint Necessitats\" \/>\n<meta property=\"og:url\" content=\"https:\/\/asocide-cat.ddns.net\/ca\/sordceguesa\/necessitats\/\" \/>\n<meta property=\"og:site_name\" content=\"ASOCIDE CATALUNYA\" \/>\n<meta property=\"article:modified_time\" content=\"2024-04-26T17:41:46+00:00\" \/>\n<meta name=\"twitter:card\" content=\"summary_large_image\" \/>\n<meta name=\"twitter:label1\" content=\"Temps estimat de lectura\" \/>\n\t<meta name=\"twitter:data1\" content=\"4 minuts\" \/>\n<script type=\"application\/ld+json\" class=\"yoast-schema-graph\">{\"@context\":\"https:\/\/schema.org\",\"@graph\":[{\"@type\":\"WebPage\",\"@id\":\"https:\/\/asocide-cat.ddns.net\/sordceguesa\/necessitats\/\",\"url\":\"https:\/\/asocide-cat.ddns.net\/sordceguesa\/necessitats\/\",\"name\":\"Necessitats - ASOCIDE CATALUNYA\",\"isPartOf\":{\"@id\":\"https:\/\/asocide-cat.ddns.net\/ca\/#website\"},\"datePublished\":\"2024-04-26T14:48:46+00:00\",\"dateModified\":\"2024-04-26T17:41:46+00:00\",\"breadcrumb\":{\"@id\":\"https:\/\/asocide-cat.ddns.net\/sordceguesa\/necessitats\/#breadcrumb\"},\"inLanguage\":\"ca\",\"potentialAction\":[{\"@type\":\"ReadAction\",\"target\":[\"https:\/\/asocide-cat.ddns.net\/sordceguesa\/necessitats\/\"]}]},{\"@type\":\"BreadcrumbList\",\"@id\":\"https:\/\/asocide-cat.ddns.net\/sordceguesa\/necessitats\/#breadcrumb\",\"itemListElement\":[{\"@type\":\"ListItem\",\"position\":1,\"name\":\"Inici\",\"item\":\"https:\/\/asocide-cat.ddns.net\/\"},{\"@type\":\"ListItem\",\"position\":2,\"name\":\"Sordceguesa\",\"item\":\"https:\/\/asocide-cat.ddns.net\/sordceguesa\/\"},{\"@type\":\"ListItem\",\"position\":3,\"name\":\"Necessitats\"}]},{\"@type\":\"WebSite\",\"@id\":\"https:\/\/asocide-cat.ddns.net\/ca\/#website\",\"url\":\"https:\/\/asocide-cat.ddns.net\/ca\/\",\"name\":\"ASOCIDE CATALUNYA\",\"description\":\"Associaci\u00f3 de sordcecs de Catalunya\",\"publisher\":{\"@id\":\"https:\/\/asocide-cat.ddns.net\/ca\/#organization\"},\"potentialAction\":[{\"@type\":\"SearchAction\",\"target\":{\"@type\":\"EntryPoint\",\"urlTemplate\":\"https:\/\/asocide-cat.ddns.net\/ca\/?s={search_term_string}\"},\"query-input\":{\"@type\":\"PropertyValueSpecification\",\"valueRequired\":true,\"valueName\":\"search_term_string\"}}],\"inLanguage\":\"ca\"},{\"@type\":\"Organization\",\"@id\":\"https:\/\/asocide-cat.ddns.net\/ca\/#organization\",\"name\":\"ASOCIDE CATALUNYA\",\"url\":\"https:\/\/asocide-cat.ddns.net\/ca\/\",\"logo\":{\"@type\":\"ImageObject\",\"inLanguage\":\"ca\",\"@id\":\"https:\/\/asocide-cat.ddns.net\/ca\/#\/schema\/logo\/image\/\",\"url\":\"https:\/\/asocide-cat.ddns.net\/wp-content\/uploads\/2021\/11\/Logo-asocide.jpg\",\"contentUrl\":\"https:\/\/asocide-cat.ddns.net\/wp-content\/uploads\/2021\/11\/Logo-asocide.jpg\",\"width\":110,\"height\":250,\"caption\":\"ASOCIDE CATALUNYA\"},\"image\":{\"@id\":\"https:\/\/asocide-cat.ddns.net\/ca\/#\/schema\/logo\/image\/\"}}]}<\/script>\n<!-- \/ Yoast SEO plugin. -->","yoast_head_json":{"title":"Necessitats - ASOCIDE CATALUNYA","robots":{"index":"index","follow":"follow","max-snippet":"max-snippet:-1","max-image-preview":"max-image-preview:large","max-video-preview":"max-video-preview:-1"},"canonical":"https:\/\/asocide-cat.ddns.net\/ca\/sordceguesa\/necessitats\/","og_locale":"ca_ES","og_type":"article","og_title":"Necessitats - ASOCIDE CATALUNYA","og_description":"Necessitats La sordceguesa presenta unes caracter\u00edstiques molt diferents, sobretot segons l&#8217;edat en qu\u00e8 apareix. En el cas de les persones amb sordceguesa cong\u00e8nita la tasca fonamental \u00e9s la de construir el m\u00f3n en la ment de l&#8217;infant. En el cas de la sordceguesa adquirida, tenim, en canvi, la tasca de reconstruir de nou un m\u00f3n&hellip; Continueu llegint Necessitats","og_url":"https:\/\/asocide-cat.ddns.net\/ca\/sordceguesa\/necessitats\/","og_site_name":"ASOCIDE CATALUNYA","article_modified_time":"2024-04-26T17:41:46+00:00","twitter_card":"summary_large_image","twitter_misc":{"Temps estimat de lectura":"4 minuts"},"schema":{"@context":"https:\/\/schema.org","@graph":[{"@type":"WebPage","@id":"https:\/\/asocide-cat.ddns.net\/sordceguesa\/necessitats\/","url":"https:\/\/asocide-cat.ddns.net\/sordceguesa\/necessitats\/","name":"Necessitats - ASOCIDE CATALUNYA","isPartOf":{"@id":"https:\/\/asocide-cat.ddns.net\/ca\/#website"},"datePublished":"2024-04-26T14:48:46+00:00","dateModified":"2024-04-26T17:41:46+00:00","breadcrumb":{"@id":"https:\/\/asocide-cat.ddns.net\/sordceguesa\/necessitats\/#breadcrumb"},"inLanguage":"ca","potentialAction":[{"@type":"ReadAction","target":["https:\/\/asocide-cat.ddns.net\/sordceguesa\/necessitats\/"]}]},{"@type":"BreadcrumbList","@id":"https:\/\/asocide-cat.ddns.net\/sordceguesa\/necessitats\/#breadcrumb","itemListElement":[{"@type":"ListItem","position":1,"name":"Inici","item":"https:\/\/asocide-cat.ddns.net\/"},{"@type":"ListItem","position":2,"name":"Sordceguesa","item":"https:\/\/asocide-cat.ddns.net\/sordceguesa\/"},{"@type":"ListItem","position":3,"name":"Necessitats"}]},{"@type":"WebSite","@id":"https:\/\/asocide-cat.ddns.net\/ca\/#website","url":"https:\/\/asocide-cat.ddns.net\/ca\/","name":"ASOCIDE CATALUNYA","description":"Associaci\u00f3 de sordcecs de Catalunya","publisher":{"@id":"https:\/\/asocide-cat.ddns.net\/ca\/#organization"},"potentialAction":[{"@type":"SearchAction","target":{"@type":"EntryPoint","urlTemplate":"https:\/\/asocide-cat.ddns.net\/ca\/?s={search_term_string}"},"query-input":{"@type":"PropertyValueSpecification","valueRequired":true,"valueName":"search_term_string"}}],"inLanguage":"ca"},{"@type":"Organization","@id":"https:\/\/asocide-cat.ddns.net\/ca\/#organization","name":"ASOCIDE CATALUNYA","url":"https:\/\/asocide-cat.ddns.net\/ca\/","logo":{"@type":"ImageObject","inLanguage":"ca","@id":"https:\/\/asocide-cat.ddns.net\/ca\/#\/schema\/logo\/image\/","url":"https:\/\/asocide-cat.ddns.net\/wp-content\/uploads\/2021\/11\/Logo-asocide.jpg","contentUrl":"https:\/\/asocide-cat.ddns.net\/wp-content\/uploads\/2021\/11\/Logo-asocide.jpg","width":110,"height":250,"caption":"ASOCIDE CATALUNYA"},"image":{"@id":"https:\/\/asocide-cat.ddns.net\/ca\/#\/schema\/logo\/image\/"}}]}},"_links":{"self":[{"href":"https:\/\/asocide-cat.ddns.net\/ca\/wp-json\/wp\/v2\/pages\/688","targetHints":{"allow":["GET"]}}],"collection":[{"href":"https:\/\/asocide-cat.ddns.net\/ca\/wp-json\/wp\/v2\/pages"}],"about":[{"href":"https:\/\/asocide-cat.ddns.net\/ca\/wp-json\/wp\/v2\/types\/page"}],"author":[{"embeddable":true,"href":"https:\/\/asocide-cat.ddns.net\/ca\/wp-json\/wp\/v2\/users\/1"}],"replies":[{"embeddable":true,"href":"https:\/\/asocide-cat.ddns.net\/ca\/wp-json\/wp\/v2\/comments?post=688"}],"version-history":[{"count":7,"href":"https:\/\/asocide-cat.ddns.net\/ca\/wp-json\/wp\/v2\/pages\/688\/revisions"}],"predecessor-version":[{"id":697,"href":"https:\/\/asocide-cat.ddns.net\/ca\/wp-json\/wp\/v2\/pages\/688\/revisions\/697"}],"up":[{"embeddable":true,"href":"https:\/\/asocide-cat.ddns.net\/ca\/wp-json\/wp\/v2\/pages\/668"}],"wp:attachment":[{"href":"https:\/\/asocide-cat.ddns.net\/ca\/wp-json\/wp\/v2\/media?parent=688"}],"curies":[{"name":"wp","href":"https:\/\/api.w.org\/{rel}","templated":true}]}}