{"id":115,"date":"2021-11-24T00:09:48","date_gmt":"2021-11-24T00:09:48","guid":{"rendered":"https:\/\/asocide-cat.ddns.net\/?page_id=115"},"modified":"2024-04-26T13:44:50","modified_gmt":"2024-04-26T13:44:50","slug":"servei-gi","status":"publish","type":"page","link":"https:\/\/asocide-cat.ddns.net\/es\/que-fem\/servei-gi\/","title":{"rendered":"Servicio GI"},"content":{"rendered":"<div data-elementor-type=\"wp-page\" data-elementor-id=\"115\" class=\"elementor elementor-115\">\n\t\t\t\t\t\t<section class=\"elementor-section elementor-top-section elementor-element elementor-element-bc47a94 elementor-section-boxed elementor-section-height-default elementor-section-height-default\" data-id=\"bc47a94\" data-element_type=\"section\">\n\t\t\t\t\t\t<div class=\"elementor-container elementor-column-gap-default\">\n\t\t\t\t\t<div class=\"elementor-column elementor-col-100 elementor-top-column elementor-element elementor-element-852b089\" data-id=\"852b089\" data-element_type=\"column\">\n\t\t\t<div class=\"elementor-widget-wrap elementor-element-populated\">\n\t\t\t\t\t\t<div class=\"elementor-element elementor-element-8c84e4e elementor-widget elementor-widget-heading\" data-id=\"8c84e4e\" data-element_type=\"widget\" data-widget_type=\"heading.default\">\n\t\t\t\t<div class=\"elementor-widget-container\">\n\t\t\t\t\t<h2 class=\"elementor-heading-title elementor-size-default\">SERVEI GUIA-INTERPRETACI\u00d3<\/h2>\t\t\t\t<\/div>\n\t\t\t\t<\/div>\n\t\t\t\t\t<\/div>\n\t\t<\/div>\n\t\t\t\t\t<\/div>\n\t\t<\/section>\n\t\t\t\t<section class=\"elementor-section elementor-top-section elementor-element elementor-element-c316dd5 elementor-section-boxed elementor-section-height-default elementor-section-height-default\" data-id=\"c316dd5\" data-element_type=\"section\">\n\t\t\t\t\t\t<div class=\"elementor-container elementor-column-gap-default\">\n\t\t\t\t\t<div class=\"elementor-column elementor-col-50 elementor-top-column elementor-element elementor-element-533fce6\" data-id=\"533fce6\" data-element_type=\"column\">\n\t\t\t<div class=\"elementor-widget-wrap elementor-element-populated\">\n\t\t\t\t\t\t<div class=\"elementor-element elementor-element-24761cf elementor-widget elementor-widget-text-editor\" data-id=\"24761cf\" data-element_type=\"widget\" data-widget_type=\"text-editor.default\">\n\t\t\t\t<div class=\"elementor-widget-container\">\n\t\t\t\t\t\t\t\t\t<p>La figura del\/de la guia-int\u00e8rpret professional s\u2019encarrega d\u2019acompanyar a lapersona sordcega durant els despla\u00e7aments i de interpretar el contingut del servei, ja sigui la conversa amb l\u2019interlocutor, com informaci\u00f3 ambiental. Aquesta persona garanteix una transmissi\u00f3 de la informaci\u00f3 literal i vera\u00e7, i sempre mantenint la confidencialitat i el respecte envers el seu usuari o usu\u00e0ria.<\/p><p>\u00a0<\/p><p>\u00a0<\/p>\t\t\t\t\t\t\t\t<\/div>\n\t\t\t\t<\/div>\n\t\t\t\t\t<\/div>\n\t\t<\/div>\n\t\t\t\t<div class=\"elementor-column elementor-col-50 elementor-top-column elementor-element elementor-element-0edf973\" data-id=\"0edf973\" data-element_type=\"column\">\n\t\t\t<div class=\"elementor-widget-wrap elementor-element-populated\">\n\t\t\t\t\t\t<div class=\"elementor-element elementor-element-616f9e9 elementor-widget elementor-widget-video\" data-id=\"616f9e9\" data-element_type=\"widget\" data-settings=\"{&quot;youtube_url&quot;:&quot;https:\\\/\\\/www.youtube.com\\\/watch?v=XHOmBV4js_E&quot;,&quot;video_type&quot;:&quot;youtube&quot;,&quot;controls&quot;:&quot;yes&quot;}\" data-widget_type=\"video.default\">\n\t\t\t\t<div class=\"elementor-widget-container\">\n\t\t\t\t\t\t\t<div class=\"elementor-wrapper elementor-open-inline\">\n\t\t\t<div class=\"elementor-video\"><\/div>\t\t<\/div>\n\t\t\t\t\t\t<\/div>\n\t\t\t\t<\/div>\n\t\t\t\t\t<\/div>\n\t\t<\/div>\n\t\t\t\t\t<\/div>\n\t\t<\/section>\n\t\t\t\t<section class=\"elementor-section elementor-top-section elementor-element elementor-element-86de8d6 elementor-section-boxed elementor-section-height-default elementor-section-height-default\" data-id=\"86de8d6\" data-element_type=\"section\">\n\t\t\t\t\t\t<div class=\"elementor-container elementor-column-gap-default\">\n\t\t\t\t\t<div class=\"elementor-column elementor-col-100 elementor-top-column elementor-element elementor-element-d4ca164\" data-id=\"d4ca164\" data-element_type=\"column\">\n\t\t\t<div class=\"elementor-widget-wrap elementor-element-populated\">\n\t\t\t\t\t\t<div class=\"elementor-element elementor-element-1bf30f2 elementor-widget elementor-widget-text-editor\" data-id=\"1bf30f2\" data-element_type=\"widget\" data-widget_type=\"text-editor.default\">\n\t\t\t\t<div class=\"elementor-widget-container\">\n\t\t\t\t\t\t\t\t\t<p><span style=\"color: var( --e-global-color-text ); font-family: var( --e-global-typography-text-font-family ), Sans-serif; font-weight: var( --e-global-typography-text-font-weight ); font-size: var(--global--font-size-base);\">Per a sol\u00b7licitar un servei de guia-interpretaci\u00f3 es pot contactar de dilluns a divendres no festius de 9h a 17h a trav\u00e9s del seg\u00fcent tel\u00e8fon i correu electr\u00f2nic:<\/span><\/p><p><span style=\"color: var( --e-global-color-text ); font-family: var( --e-global-typography-text-font-family ), Sans-serif; font-weight: var( --e-global-typography-text-font-weight ); font-size: var(--global--font-size-base);\">\u00a0<\/span><\/p><p style=\"padding-left: 80px;\"><a href=\"mailto:coordinacio.gils@asocide-cat.org\">coordinacio.gils@asocide-cat.org<\/a><\/p><p style=\"padding-left: 80px;\"><a href=\"tel:+34633071087\">633 071 087<\/a><\/p><p>\u00a0<\/p><p>Els serveis s\u2019han de sol\u00b7licitar amb un m\u00ednim de 72 hores d\u2019antelaci\u00f3 i s\u2019ha d\u2019informar de: l\u2019\u00e0mbit, el lloc i el punt de trobada, l\u2019hora d\u2019inici i la duraci\u00f3 prevista.<\/p>\t\t\t\t\t\t\t\t<\/div>\n\t\t\t\t<\/div>\n\t\t\t\t<div class=\"elementor-element elementor-element-3d26178 elementor-widget elementor-widget-text-editor\" data-id=\"3d26178\" data-element_type=\"widget\" data-widget_type=\"text-editor.default\">\n\t\t\t\t<div class=\"elementor-widget-container\">\n\t\t\t\t\t\t\t\t\t<p>\u00bfNecesitas un servicio? Rellena el siguiente formulario y nos pondremos en contacto contigo<\/p>\t\t\t\t\t\t\t\t<\/div>\n\t\t\t\t<\/div>\n\t\t\t\t<div class=\"elementor-element elementor-element-410306f elementor-widget elementor-widget-shortcode\" data-id=\"410306f\" data-element_type=\"widget\" data-widget_type=\"shortcode.default\">\n\t\t\t\t<div class=\"elementor-widget-container\">\n\t\t\t\t\t\t\t<div class=\"elementor-shortcode\">\n<div class=\"wpcf7 no-js\" id=\"wpcf7-f234-o1\" lang=\"ca\" dir=\"ltr\" data-wpcf7-id=\"234\">\n<div class=\"screen-reader-response\"><p role=\"status\" aria-live=\"polite\" aria-atomic=\"true\"><\/p> <ul><\/ul><\/div>\n<form action=\"\/es\/wp-json\/wp\/v2\/pages\/115#wpcf7-f234-o1\" method=\"post\" class=\"wpcf7-form init\" aria-label=\"Formulari de contacte\" novalidate=\"novalidate\" data-status=\"init\" data-trp-original-action=\"\/es\/wp-json\/wp\/v2\/pages\/115#wpcf7-f234-o1\">\n<fieldset class=\"hidden-fields-container\"><input type=\"hidden\" name=\"_wpcf7\" value=\"234\" \/><input type=\"hidden\" name=\"_wpcf7_version\" value=\"6.1.4\" \/><input type=\"hidden\" name=\"_wpcf7_locale\" value=\"ca\" \/><input type=\"hidden\" name=\"_wpcf7_unit_tag\" value=\"wpcf7-f234-o1\" \/><input type=\"hidden\" name=\"_wpcf7_container_post\" value=\"0\" \/><input type=\"hidden\" name=\"_wpcf7_posted_data_hash\" value=\"\" \/>\n<\/fieldset>\n<div class=\"contact_form\">\n\t<p><label> Nombre y Apellidos<br \/>\n<span class=\"wpcf7-form-control-wrap\" data-name=\"your-name\"><input size=\"40\" maxlength=\"400\" class=\"wpcf7-form-control wpcf7-text wpcf7-validates-as-required\" aria-required=\"true\" aria-invalid=\"false\" value=\"\" type=\"text\" name=\"your-name\" \/><\/span> <\/label>\n\t<\/p>\n\t<p><label> Tel\u00e9fono<br \/>\n<span class=\"wpcf7-form-control-wrap\" data-name=\"your-telf\"><input size=\"40\" maxlength=\"400\" class=\"wpcf7-form-control wpcf7-tel wpcf7-validates-as-required wpcf7-text wpcf7-validates-as-tel\" aria-required=\"true\" aria-invalid=\"false\" value=\"\" type=\"tel\" name=\"your-telf\" \/><\/span> <\/label>\n\t<\/p>\n\t<p><label> El correo electr\u00f3nico<br \/>\n<span class=\"wpcf7-form-control-wrap\" data-name=\"your-email\"><input size=\"40\" maxlength=\"400\" class=\"wpcf7-form-control wpcf7-email wpcf7-validates-as-required wpcf7-text wpcf7-validates-as-email\" aria-required=\"true\" aria-invalid=\"false\" value=\"\" type=\"email\" name=\"your-email\" \/><\/span> <\/label>\n\t<\/p>\n\t<p><label> Exp\u00f3nganos tu caso<br \/>\n<span class=\"wpcf7-form-control-wrap\" data-name=\"your-message\"><textarea cols=\"40\" rows=\"10\" maxlength=\"2000\" class=\"wpcf7-form-control wpcf7-textarea\" aria-invalid=\"false\" name=\"your-message\"><\/textarea><\/span> <\/label>\n\t<\/p>\n\t<p><input class=\"wpcf7-form-control wpcf7-submit has-spinner\" type=\"submit\" value=\"Env\u00eda\" \/>\n\t<\/p>\n<\/div><div class=\"wpcf7-response-output\" aria-hidden=\"true\"><\/div>\n<input type=\"hidden\" name=\"trp-form-language\" value=\"es\"\/><\/form>\n<\/div>\n<\/div>\n\t\t\t\t\t\t<\/div>\n\t\t\t\t<\/div>\n\t\t\t\t\t<\/div>\n\t\t<\/div>\n\t\t\t\t\t<\/div>\n\t\t<\/section>\n\t\t\t\t<\/div>","protected":false},"excerpt":{"rendered":"<p>SERVEI GUIA-INTERPRETACI\u00d3 La figura del\/de la guia-int\u00e8rpret professional s\u2019encarrega d\u2019acompanyar a lapersona sordcega durant els despla\u00e7aments i de interpretar el contingut del servei, ja sigui la conversa amb l\u2019interlocutor, com informaci\u00f3 ambiental. Aquesta persona garanteix una transmissi\u00f3 de la informaci\u00f3 literal i vera\u00e7, i sempre mantenint la confidencialitat i el respecte envers el seu usuari&hellip; <a class=\"more-link\" href=\"https:\/\/asocide-cat.ddns.net\/es\/que-fem\/servei-gi\/\">Seguir leyendo <span class=\"screen-reader-text\">Servicio GI<\/span><\/a><\/p>","protected":false},"author":1,"featured_media":0,"parent":99,"menu_order":0,"comment_status":"closed","ping_status":"closed","template":"elementor_header_footer","meta":{"footnotes":""},"class_list":["post-115","page","type-page","status-publish","hentry","entry"],"yoast_head":"<!-- This site is optimized with the Yoast SEO plugin v26.6 - https:\/\/yoast.com\/wordpress\/plugins\/seo\/ -->\n<title>Servei GI - ASOCIDE CATALUNYA<\/title>\n<meta name=\"robots\" content=\"index, follow, max-snippet:-1, max-image-preview:large, max-video-preview:-1\" \/>\n<link rel=\"canonical\" href=\"https:\/\/asocide-cat.ddns.net\/es\/que-fem\/servei-gi\/\" \/>\n<meta property=\"og:locale\" content=\"es_ES\" \/>\n<meta property=\"og:type\" content=\"article\" \/>\n<meta property=\"og:title\" content=\"Servei GI - ASOCIDE CATALUNYA\" \/>\n<meta property=\"og:description\" content=\"SERVEI GUIA-INTERPRETACI\u00d3 La figura del\/de la guia-int\u00e8rpret professional s\u2019encarrega d\u2019acompanyar a lapersona sordcega durant els despla\u00e7aments i de interpretar el contingut del servei, ja sigui la conversa amb l\u2019interlocutor, com informaci\u00f3 ambiental. Aquesta persona garanteix una transmissi\u00f3 de la informaci\u00f3 literal i vera\u00e7, i sempre mantenint la confidencialitat i el respecte envers el seu usuari&hellip; Seguir leyendo Servei GI\" \/>\n<meta property=\"og:url\" content=\"https:\/\/asocide-cat.ddns.net\/es\/que-fem\/servei-gi\/\" \/>\n<meta property=\"og:site_name\" content=\"ASOCIDE CATALUNYA\" \/>\n<meta property=\"article:modified_time\" content=\"2024-04-26T13:44:50+00:00\" \/>\n<meta name=\"twitter:card\" content=\"summary_large_image\" \/>\n<meta name=\"twitter:label1\" content=\"Tiempo de lectura\" \/>\n\t<meta name=\"twitter:data1\" content=\"1 minuto\" \/>\n<script type=\"application\/ld+json\" class=\"yoast-schema-graph\">{\"@context\":\"https:\/\/schema.org\",\"@graph\":[{\"@type\":\"WebPage\",\"@id\":\"https:\/\/asocide-cat.ddns.net\/que-fem\/servei-gi\/\",\"url\":\"https:\/\/asocide-cat.ddns.net\/que-fem\/servei-gi\/\",\"name\":\"Servei GI - ASOCIDE CATALUNYA\",\"isPartOf\":{\"@id\":\"https:\/\/asocide-cat.ddns.net\/ca\/#website\"},\"datePublished\":\"2021-11-24T00:09:48+00:00\",\"dateModified\":\"2024-04-26T13:44:50+00:00\",\"breadcrumb\":{\"@id\":\"https:\/\/asocide-cat.ddns.net\/que-fem\/servei-gi\/#breadcrumb\"},\"inLanguage\":\"es\",\"potentialAction\":[{\"@type\":\"ReadAction\",\"target\":[\"https:\/\/asocide-cat.ddns.net\/que-fem\/servei-gi\/\"]}]},{\"@type\":\"BreadcrumbList\",\"@id\":\"https:\/\/asocide-cat.ddns.net\/que-fem\/servei-gi\/#breadcrumb\",\"itemListElement\":[{\"@type\":\"ListItem\",\"position\":1,\"name\":\"Inici\",\"item\":\"https:\/\/asocide-cat.ddns.net\/\"},{\"@type\":\"ListItem\",\"position\":2,\"name\":\"Serveis\",\"item\":\"https:\/\/asocide-cat.ddns.net\/que-fem\/\"},{\"@type\":\"ListItem\",\"position\":3,\"name\":\"Servei GI\"}]},{\"@type\":\"WebSite\",\"@id\":\"https:\/\/asocide-cat.ddns.net\/ca\/#website\",\"url\":\"https:\/\/asocide-cat.ddns.net\/ca\/\",\"name\":\"ASOCIDE CATALUNYA\",\"description\":\"Associaci\u00f3 de sordcecs de Catalunya\",\"publisher\":{\"@id\":\"https:\/\/asocide-cat.ddns.net\/ca\/#organization\"},\"potentialAction\":[{\"@type\":\"SearchAction\",\"target\":{\"@type\":\"EntryPoint\",\"urlTemplate\":\"https:\/\/asocide-cat.ddns.net\/ca\/?s={search_term_string}\"},\"query-input\":{\"@type\":\"PropertyValueSpecification\",\"valueRequired\":true,\"valueName\":\"search_term_string\"}}],\"inLanguage\":\"es\"},{\"@type\":\"Organization\",\"@id\":\"https:\/\/asocide-cat.ddns.net\/ca\/#organization\",\"name\":\"ASOCIDE CATALUNYA\",\"url\":\"https:\/\/asocide-cat.ddns.net\/ca\/\",\"logo\":{\"@type\":\"ImageObject\",\"inLanguage\":\"es\",\"@id\":\"https:\/\/asocide-cat.ddns.net\/ca\/#\/schema\/logo\/image\/\",\"url\":\"https:\/\/asocide-cat.ddns.net\/wp-content\/uploads\/2021\/11\/Logo-asocide.jpg\",\"contentUrl\":\"https:\/\/asocide-cat.ddns.net\/wp-content\/uploads\/2021\/11\/Logo-asocide.jpg\",\"width\":110,\"height\":250,\"caption\":\"ASOCIDE CATALUNYA\"},\"image\":{\"@id\":\"https:\/\/asocide-cat.ddns.net\/ca\/#\/schema\/logo\/image\/\"}}]}<\/script>\n<!-- \/ Yoast SEO plugin. -->","yoast_head_json":{"title":"Servei GI - ASOCIDE CATALUNYA","robots":{"index":"index","follow":"follow","max-snippet":"max-snippet:-1","max-image-preview":"max-image-preview:large","max-video-preview":"max-video-preview:-1"},"canonical":"https:\/\/asocide-cat.ddns.net\/es\/que-fem\/servei-gi\/","og_locale":"es_ES","og_type":"article","og_title":"Servei GI - ASOCIDE CATALUNYA","og_description":"SERVEI GUIA-INTERPRETACI\u00d3 La figura del\/de la guia-int\u00e8rpret professional s\u2019encarrega d\u2019acompanyar a lapersona sordcega durant els despla\u00e7aments i de interpretar el contingut del servei, ja sigui la conversa amb l\u2019interlocutor, com informaci\u00f3 ambiental. Aquesta persona garanteix una transmissi\u00f3 de la informaci\u00f3 literal i vera\u00e7, i sempre mantenint la confidencialitat i el respecte envers el seu usuari&hellip; Seguir leyendo Servei GI","og_url":"https:\/\/asocide-cat.ddns.net\/es\/que-fem\/servei-gi\/","og_site_name":"ASOCIDE CATALUNYA","article_modified_time":"2024-04-26T13:44:50+00:00","twitter_card":"summary_large_image","twitter_misc":{"Tiempo de lectura":"1 minuto"},"schema":{"@context":"https:\/\/schema.org","@graph":[{"@type":"WebPage","@id":"https:\/\/asocide-cat.ddns.net\/que-fem\/servei-gi\/","url":"https:\/\/asocide-cat.ddns.net\/que-fem\/servei-gi\/","name":"Servei GI - ASOCIDE CATALUNYA","isPartOf":{"@id":"https:\/\/asocide-cat.ddns.net\/ca\/#website"},"datePublished":"2021-11-24T00:09:48+00:00","dateModified":"2024-04-26T13:44:50+00:00","breadcrumb":{"@id":"https:\/\/asocide-cat.ddns.net\/que-fem\/servei-gi\/#breadcrumb"},"inLanguage":"es","potentialAction":[{"@type":"ReadAction","target":["https:\/\/asocide-cat.ddns.net\/que-fem\/servei-gi\/"]}]},{"@type":"BreadcrumbList","@id":"https:\/\/asocide-cat.ddns.net\/que-fem\/servei-gi\/#breadcrumb","itemListElement":[{"@type":"ListItem","position":1,"name":"Inici","item":"https:\/\/asocide-cat.ddns.net\/"},{"@type":"ListItem","position":2,"name":"Serveis","item":"https:\/\/asocide-cat.ddns.net\/que-fem\/"},{"@type":"ListItem","position":3,"name":"Servei GI"}]},{"@type":"WebSite","@id":"https:\/\/asocide-cat.ddns.net\/ca\/#website","url":"https:\/\/asocide-cat.ddns.net\/ca\/","name":"ASOCIDE CATALUNYA","description":"Associaci\u00f3 de sordcecs de Catalunya","publisher":{"@id":"https:\/\/asocide-cat.ddns.net\/ca\/#organization"},"potentialAction":[{"@type":"SearchAction","target":{"@type":"EntryPoint","urlTemplate":"https:\/\/asocide-cat.ddns.net\/ca\/?s={search_term_string}"},"query-input":{"@type":"PropertyValueSpecification","valueRequired":true,"valueName":"search_term_string"}}],"inLanguage":"es"},{"@type":"Organization","@id":"https:\/\/asocide-cat.ddns.net\/ca\/#organization","name":"ASOCIDE CATALUNYA","url":"https:\/\/asocide-cat.ddns.net\/ca\/","logo":{"@type":"ImageObject","inLanguage":"es","@id":"https:\/\/asocide-cat.ddns.net\/ca\/#\/schema\/logo\/image\/","url":"https:\/\/asocide-cat.ddns.net\/wp-content\/uploads\/2021\/11\/Logo-asocide.jpg","contentUrl":"https:\/\/asocide-cat.ddns.net\/wp-content\/uploads\/2021\/11\/Logo-asocide.jpg","width":110,"height":250,"caption":"ASOCIDE CATALUNYA"},"image":{"@id":"https:\/\/asocide-cat.ddns.net\/ca\/#\/schema\/logo\/image\/"}}]}},"_links":{"self":[{"href":"https:\/\/asocide-cat.ddns.net\/es\/wp-json\/wp\/v2\/pages\/115","targetHints":{"allow":["GET"]}}],"collection":[{"href":"https:\/\/asocide-cat.ddns.net\/es\/wp-json\/wp\/v2\/pages"}],"about":[{"href":"https:\/\/asocide-cat.ddns.net\/es\/wp-json\/wp\/v2\/types\/page"}],"author":[{"embeddable":true,"href":"https:\/\/asocide-cat.ddns.net\/es\/wp-json\/wp\/v2\/users\/1"}],"replies":[{"embeddable":true,"href":"https:\/\/asocide-cat.ddns.net\/es\/wp-json\/wp\/v2\/comments?post=115"}],"version-history":[{"count":26,"href":"https:\/\/asocide-cat.ddns.net\/es\/wp-json\/wp\/v2\/pages\/115\/revisions"}],"predecessor-version":[{"id":617,"href":"https:\/\/asocide-cat.ddns.net\/es\/wp-json\/wp\/v2\/pages\/115\/revisions\/617"}],"up":[{"embeddable":true,"href":"https:\/\/asocide-cat.ddns.net\/es\/wp-json\/wp\/v2\/pages\/99"}],"wp:attachment":[{"href":"https:\/\/asocide-cat.ddns.net\/es\/wp-json\/wp\/v2\/media?parent=115"}],"curies":[{"name":"wp","href":"https:\/\/api.w.org\/{rel}","templated":true}]}}