{"id":367,"date":"2021-11-28T17:55:37","date_gmt":"2021-11-28T17:55:37","guid":{"rendered":"https:\/\/asocide-cat.ddns.net\/?page_id=367"},"modified":"2024-04-26T14:26:03","modified_gmt":"2024-04-26T14:26:03","slug":"politica-de-cookies","status":"publish","type":"page","link":"https:\/\/asocide-cat.ddns.net\/es\/politica-de-cookies\/","title":{"rendered":"Pol\u00edtica de cookies"},"content":{"rendered":"<div data-elementor-type=\"wp-page\" data-elementor-id=\"367\" class=\"elementor elementor-367\">\n\t\t\t\t\t\t<section class=\"elementor-section elementor-top-section elementor-element elementor-element-770c54b elementor-section-boxed elementor-section-height-default elementor-section-height-default\" data-id=\"770c54b\" data-element_type=\"section\">\n\t\t\t\t\t\t<div class=\"elementor-container elementor-column-gap-default\">\n\t\t\t\t\t<div class=\"elementor-column elementor-col-100 elementor-top-column elementor-element elementor-element-4dd5c85\" data-id=\"4dd5c85\" data-element_type=\"column\">\n\t\t\t<div class=\"elementor-widget-wrap elementor-element-populated\">\n\t\t\t\t\t\t<div class=\"elementor-element elementor-element-bf67a10 elementor-widget elementor-widget-heading\" data-id=\"bf67a10\" data-element_type=\"widget\" data-widget_type=\"heading.default\">\n\t\t\t\t<div class=\"elementor-widget-container\">\n\t\t\t\t\t<h1 class=\"elementor-heading-title elementor-size-xl\">POL\u00cdTICA DE COOKIES<\/h1>\t\t\t\t<\/div>\n\t\t\t\t<\/div>\n\t\t\t\t<div class=\"elementor-element elementor-element-24743fa elementor-widget elementor-widget-text-editor\" data-id=\"24743fa\" data-element_type=\"widget\" data-widget_type=\"text-editor.default\">\n\t\t\t\t<div class=\"elementor-widget-container\">\n\t\t\t\t\t\t\t\t\t<p>En cumplimiento con lo dispuesto en el art\u00edculo 22.2 de la Ley 34\/2002, de 11 de julio, de Servicios de la Sociedad de la Informaci\u00f3n y de Comercio Electr\u00f3nico, esta p\u00e1gina web le informa, en esta secci\u00f3n, sobre la pol\u00edtica de recogida y tratamiento de cookies.<\/p><p><strong>\u00bfQu\u00e9 son las cookies?<\/strong><\/p><p>Una cookie es un fichero que se descarga en su ordenador al acceder a determinadas p\u00e1ginas web. Las cookies permiten a una p\u00e1gina web, entre otras cosas, almacenar y recuperar informaci\u00f3n sobre los h\u00e1bitos de navegaci\u00f3n de un usuario o de su equipo y, dependiendo de la informaci\u00f3n que contengan y de la forma en que utilice su equipo, pueden utilizarse para reconocer al usuario.<\/p><p><strong>\u00bfQu\u00e9 tipos de cookies utiliza esta p\u00e1gina web?<\/strong><\/p><p>Cookies de an\u00e1lisis - Son aqu\u00e9llas que bien tratadas por nosotros o por terceros, nos permiten cuantificar el n\u00famero de usuarios y as\u00ed realizar la medici\u00f3n y an\u00e1lisis estad\u00edstico de la utilizaci\u00f3n que hacen los usuarios del servicio ofertado. Para ello se analiza su navegaci\u00f3n en nuestra p\u00e1gina web con el fin de mejorar la oferta de productos o servicios que le ofrecemos.<\/p>\t\t\t\t\t\t\t\t<\/div>\n\t\t\t\t<\/div>\n\t\t\t\t\t<\/div>\n\t\t<\/div>\n\t\t\t\t\t<\/div>\n\t\t<\/section>\n\t\t\t\t<\/div>","protected":false},"excerpt":{"rendered":"<p>POL\u00cdTICA DE COOKIES En compliment del que disposa l&#8217;article 22.2 de la Llei 34\/2002, d&#8217;11 de juliol, de Serveis de la Societat de la Informaci\u00f3 i de Comer\u00e7 Electr\u00f2nic, aquesta p\u00e0gina web us informa, en aquesta secci\u00f3, sobre la pol\u00edtica de recollida i tractament de cookies. Qu\u00e8 s\u00f3n les cookies? Una cookie \u00e9s un fitxer&hellip; <a class=\"more-link\" href=\"https:\/\/asocide-cat.ddns.net\/es\/politica-de-cookies\/\">Seguir leyendo <span class=\"screen-reader-text\">Pol\u00edtica de cookies<\/span><\/a><\/p>","protected":false},"author":1,"featured_media":0,"parent":0,"menu_order":20,"comment_status":"closed","ping_status":"closed","template":"elementor_header_footer","meta":{"footnotes":""},"class_list":["post-367","page","type-page","status-publish","hentry","entry"],"yoast_head":"<!-- This site is optimized with the Yoast SEO plugin v26.6 - https:\/\/yoast.com\/wordpress\/plugins\/seo\/ -->\n<title>Pol\u00edtica de cookies - ASOCIDE CATALUNYA<\/title>\n<meta name=\"robots\" content=\"index, follow, max-snippet:-1, max-image-preview:large, max-video-preview:-1\" \/>\n<link rel=\"canonical\" href=\"https:\/\/asocide-cat.ddns.net\/es\/politica-de-cookies\/\" \/>\n<meta property=\"og:locale\" content=\"es_ES\" \/>\n<meta property=\"og:type\" content=\"article\" \/>\n<meta property=\"og:title\" content=\"Pol\u00edtica de cookies - ASOCIDE CATALUNYA\" \/>\n<meta property=\"og:description\" content=\"POL\u00cdTICA DE COOKIES En compliment del que disposa l&#8217;article 22.2 de la Llei 34\/2002, d&#8217;11 de juliol, de Serveis de la Societat de la Informaci\u00f3 i de Comer\u00e7 Electr\u00f2nic, aquesta p\u00e0gina web us informa, en aquesta secci\u00f3, sobre la pol\u00edtica de recollida i tractament de cookies. Qu\u00e8 s\u00f3n les cookies? Una cookie \u00e9s un fitxer&hellip; Seguir leyendo Pol\u00edtica de cookies\" \/>\n<meta property=\"og:url\" content=\"https:\/\/asocide-cat.ddns.net\/es\/politica-de-cookies\/\" \/>\n<meta property=\"og:site_name\" content=\"ASOCIDE CATALUNYA\" \/>\n<meta property=\"article:modified_time\" content=\"2024-04-26T14:26:03+00:00\" \/>\n<meta name=\"twitter:card\" content=\"summary_large_image\" \/>\n<meta name=\"twitter:label1\" content=\"Tiempo de lectura\" \/>\n\t<meta name=\"twitter:data1\" content=\"1 minuto\" \/>\n<script type=\"application\/ld+json\" class=\"yoast-schema-graph\">{\"@context\":\"https:\/\/schema.org\",\"@graph\":[{\"@type\":\"WebPage\",\"@id\":\"https:\/\/asocide-cat.ddns.net\/politica-de-cookies\/\",\"url\":\"https:\/\/asocide-cat.ddns.net\/politica-de-cookies\/\",\"name\":\"Pol\u00edtica de cookies - ASOCIDE CATALUNYA\",\"isPartOf\":{\"@id\":\"https:\/\/asocide-cat.ddns.net\/ca\/#website\"},\"datePublished\":\"2021-11-28T17:55:37+00:00\",\"dateModified\":\"2024-04-26T14:26:03+00:00\",\"breadcrumb\":{\"@id\":\"https:\/\/asocide-cat.ddns.net\/politica-de-cookies\/#breadcrumb\"},\"inLanguage\":\"es\",\"potentialAction\":[{\"@type\":\"ReadAction\",\"target\":[\"https:\/\/asocide-cat.ddns.net\/politica-de-cookies\/\"]}]},{\"@type\":\"BreadcrumbList\",\"@id\":\"https:\/\/asocide-cat.ddns.net\/politica-de-cookies\/#breadcrumb\",\"itemListElement\":[{\"@type\":\"ListItem\",\"position\":1,\"name\":\"Inici\",\"item\":\"https:\/\/asocide-cat.ddns.net\/\"},{\"@type\":\"ListItem\",\"position\":2,\"name\":\"Pol\u00edtica de cookies\"}]},{\"@type\":\"WebSite\",\"@id\":\"https:\/\/asocide-cat.ddns.net\/ca\/#website\",\"url\":\"https:\/\/asocide-cat.ddns.net\/ca\/\",\"name\":\"ASOCIDE CATALUNYA\",\"description\":\"Associaci\u00f3 de sordcecs de Catalunya\",\"publisher\":{\"@id\":\"https:\/\/asocide-cat.ddns.net\/ca\/#organization\"},\"potentialAction\":[{\"@type\":\"SearchAction\",\"target\":{\"@type\":\"EntryPoint\",\"urlTemplate\":\"https:\/\/asocide-cat.ddns.net\/ca\/?s={search_term_string}\"},\"query-input\":{\"@type\":\"PropertyValueSpecification\",\"valueRequired\":true,\"valueName\":\"search_term_string\"}}],\"inLanguage\":\"es\"},{\"@type\":\"Organization\",\"@id\":\"https:\/\/asocide-cat.ddns.net\/ca\/#organization\",\"name\":\"ASOCIDE CATALUNYA\",\"url\":\"https:\/\/asocide-cat.ddns.net\/ca\/\",\"logo\":{\"@type\":\"ImageObject\",\"inLanguage\":\"es\",\"@id\":\"https:\/\/asocide-cat.ddns.net\/ca\/#\/schema\/logo\/image\/\",\"url\":\"https:\/\/asocide-cat.ddns.net\/wp-content\/uploads\/2021\/11\/Logo-asocide.jpg\",\"contentUrl\":\"https:\/\/asocide-cat.ddns.net\/wp-content\/uploads\/2021\/11\/Logo-asocide.jpg\",\"width\":110,\"height\":250,\"caption\":\"ASOCIDE CATALUNYA\"},\"image\":{\"@id\":\"https:\/\/asocide-cat.ddns.net\/ca\/#\/schema\/logo\/image\/\"}}]}<\/script>\n<!-- \/ Yoast SEO plugin. -->","yoast_head_json":{"title":"Pol\u00edtica de cookies - ASOCIDE CATALUNYA","robots":{"index":"index","follow":"follow","max-snippet":"max-snippet:-1","max-image-preview":"max-image-preview:large","max-video-preview":"max-video-preview:-1"},"canonical":"https:\/\/asocide-cat.ddns.net\/es\/politica-de-cookies\/","og_locale":"es_ES","og_type":"article","og_title":"Pol\u00edtica de cookies - ASOCIDE CATALUNYA","og_description":"POL\u00cdTICA DE COOKIES En compliment del que disposa l&#8217;article 22.2 de la Llei 34\/2002, d&#8217;11 de juliol, de Serveis de la Societat de la Informaci\u00f3 i de Comer\u00e7 Electr\u00f2nic, aquesta p\u00e0gina web us informa, en aquesta secci\u00f3, sobre la pol\u00edtica de recollida i tractament de cookies. Qu\u00e8 s\u00f3n les cookies? Una cookie \u00e9s un fitxer&hellip; Seguir leyendo Pol\u00edtica de cookies","og_url":"https:\/\/asocide-cat.ddns.net\/es\/politica-de-cookies\/","og_site_name":"ASOCIDE CATALUNYA","article_modified_time":"2024-04-26T14:26:03+00:00","twitter_card":"summary_large_image","twitter_misc":{"Tiempo de lectura":"1 minuto"},"schema":{"@context":"https:\/\/schema.org","@graph":[{"@type":"WebPage","@id":"https:\/\/asocide-cat.ddns.net\/politica-de-cookies\/","url":"https:\/\/asocide-cat.ddns.net\/politica-de-cookies\/","name":"Pol\u00edtica de cookies - ASOCIDE CATALUNYA","isPartOf":{"@id":"https:\/\/asocide-cat.ddns.net\/ca\/#website"},"datePublished":"2021-11-28T17:55:37+00:00","dateModified":"2024-04-26T14:26:03+00:00","breadcrumb":{"@id":"https:\/\/asocide-cat.ddns.net\/politica-de-cookies\/#breadcrumb"},"inLanguage":"es","potentialAction":[{"@type":"ReadAction","target":["https:\/\/asocide-cat.ddns.net\/politica-de-cookies\/"]}]},{"@type":"BreadcrumbList","@id":"https:\/\/asocide-cat.ddns.net\/politica-de-cookies\/#breadcrumb","itemListElement":[{"@type":"ListItem","position":1,"name":"Inici","item":"https:\/\/asocide-cat.ddns.net\/"},{"@type":"ListItem","position":2,"name":"Pol\u00edtica de cookies"}]},{"@type":"WebSite","@id":"https:\/\/asocide-cat.ddns.net\/ca\/#website","url":"https:\/\/asocide-cat.ddns.net\/ca\/","name":"ASOCIDE CATALUNYA","description":"Associaci\u00f3 de sordcecs de Catalunya","publisher":{"@id":"https:\/\/asocide-cat.ddns.net\/ca\/#organization"},"potentialAction":[{"@type":"SearchAction","target":{"@type":"EntryPoint","urlTemplate":"https:\/\/asocide-cat.ddns.net\/ca\/?s={search_term_string}"},"query-input":{"@type":"PropertyValueSpecification","valueRequired":true,"valueName":"search_term_string"}}],"inLanguage":"es"},{"@type":"Organization","@id":"https:\/\/asocide-cat.ddns.net\/ca\/#organization","name":"ASOCIDE CATALUNYA","url":"https:\/\/asocide-cat.ddns.net\/ca\/","logo":{"@type":"ImageObject","inLanguage":"es","@id":"https:\/\/asocide-cat.ddns.net\/ca\/#\/schema\/logo\/image\/","url":"https:\/\/asocide-cat.ddns.net\/wp-content\/uploads\/2021\/11\/Logo-asocide.jpg","contentUrl":"https:\/\/asocide-cat.ddns.net\/wp-content\/uploads\/2021\/11\/Logo-asocide.jpg","width":110,"height":250,"caption":"ASOCIDE CATALUNYA"},"image":{"@id":"https:\/\/asocide-cat.ddns.net\/ca\/#\/schema\/logo\/image\/"}}]}},"_links":{"self":[{"href":"https:\/\/asocide-cat.ddns.net\/es\/wp-json\/wp\/v2\/pages\/367","targetHints":{"allow":["GET"]}}],"collection":[{"href":"https:\/\/asocide-cat.ddns.net\/es\/wp-json\/wp\/v2\/pages"}],"about":[{"href":"https:\/\/asocide-cat.ddns.net\/es\/wp-json\/wp\/v2\/types\/page"}],"author":[{"embeddable":true,"href":"https:\/\/asocide-cat.ddns.net\/es\/wp-json\/wp\/v2\/users\/1"}],"replies":[{"embeddable":true,"href":"https:\/\/asocide-cat.ddns.net\/es\/wp-json\/wp\/v2\/comments?post=367"}],"version-history":[{"count":12,"href":"https:\/\/asocide-cat.ddns.net\/es\/wp-json\/wp\/v2\/pages\/367\/revisions"}],"predecessor-version":[{"id":379,"href":"https:\/\/asocide-cat.ddns.net\/es\/wp-json\/wp\/v2\/pages\/367\/revisions\/379"}],"wp:attachment":[{"href":"https:\/\/asocide-cat.ddns.net\/es\/wp-json\/wp\/v2\/media?parent=367"}],"curies":[{"name":"wp","href":"https:\/\/api.w.org\/{rel}","templated":true}]}}