{"id":567,"date":"2024-04-25T18:17:40","date_gmt":"2024-04-25T18:17:40","guid":{"rendered":"https:\/\/asocide-cat.ddns.net\/?page_id=567"},"modified":"2024-04-26T13:47:24","modified_gmt":"2024-04-26T13:47:24","slug":"difusio-i-sensibilitzacio","status":"publish","type":"page","link":"https:\/\/asocide-cat.ddns.net\/es\/que-fem\/difusio-i-sensibilitzacio\/","title":{"rendered":"Difusi\u00f3 i sensibilitzaci\u00f3"},"content":{"rendered":"<div data-elementor-type=\"wp-page\" data-elementor-id=\"567\" class=\"elementor elementor-567\">\n\t\t\t\t\t\t<section class=\"elementor-section elementor-top-section elementor-element elementor-element-55776ce elementor-section-boxed elementor-section-height-default elementor-section-height-default\" data-id=\"55776ce\" data-element_type=\"section\">\n\t\t\t\t\t\t<div class=\"elementor-container elementor-column-gap-default\">\n\t\t\t\t\t<div class=\"elementor-column elementor-col-100 elementor-top-column elementor-element elementor-element-438f27c\" data-id=\"438f27c\" data-element_type=\"column\">\n\t\t\t<div class=\"elementor-widget-wrap elementor-element-populated\">\n\t\t\t\t\t\t<div class=\"elementor-element elementor-element-e087861 elementor-widget elementor-widget-heading\" data-id=\"e087861\" data-element_type=\"widget\" data-widget_type=\"heading.default\">\n\t\t\t\t<div class=\"elementor-widget-container\">\n\t\t\t\t\t<h2 class=\"elementor-heading-title elementor-size-default\">DIFUSI\u00d3 I SENSIBILITZACI\u00d3<\/h2>\t\t\t\t<\/div>\n\t\t\t\t<\/div>\n\t\t\t\t<div class=\"elementor-element elementor-element-2d7d7f6 elementor-widget elementor-widget-text-editor\" data-id=\"2d7d7f6\" data-element_type=\"widget\" data-widget_type=\"text-editor.default\">\n\t\t\t\t<div class=\"elementor-widget-container\">\n\t\t\t\t\t\t\t\t\t<p>Sempre que se\u2019ns sol\u00b7licita, oferim xerrades i tallers sobre la sordceguesa, per tal de donar a con\u00e8ixer a tothom qui estigui interessat quin \u00e9s el perfil d\u2019una persona que pateix aquesta discapacitat; aix\u00ed com explicar la manera de dirigir-se a ella i com comunicar-s\u2019hi.<\/p><p>\u00a0<\/p><p>\u00a0<\/p><p>\u00c9s molt important que les pr\u00f2pies persones sordcegues puguin donar visibilitat a la sordceguesa, doncs segons el grau d\u2019afectaci\u00f3 de cadascuna, es pot confondre per una persona sorda o b\u00e9 cega, quan en realitat la situaci\u00f3 \u00e9s molt m\u00e9s complexa, i cada persona t\u00e9 unes necessitats espec\u00edfiques.<\/p>\t\t\t\t\t\t\t\t<\/div>\n\t\t\t\t<\/div>\n\t\t\t\t\t<\/div>\n\t\t<\/div>\n\t\t\t\t\t<\/div>\n\t\t<\/section>\n\t\t\t\t<\/div>","protected":false},"excerpt":{"rendered":"<p>DIFUSI\u00d3 I SENSIBILITZACI\u00d3 Sempre que se\u2019ns sol\u00b7licita, oferim xerrades i tallers sobre la sordceguesa, per tal de donar a con\u00e8ixer a tothom qui estigui interessat quin \u00e9s el perfil d\u2019una persona que pateix aquesta discapacitat; aix\u00ed com explicar la manera de dirigir-se a ella i com comunicar-s\u2019hi. \u00a0 \u00a0 \u00c9s molt important que les pr\u00f2pies&hellip; <a class=\"more-link\" href=\"https:\/\/asocide-cat.ddns.net\/es\/que-fem\/difusio-i-sensibilitzacio\/\">Seguir leyendo <span class=\"screen-reader-text\">Difusi\u00f3 i sensibilitzaci\u00f3<\/span><\/a><\/p>","protected":false},"author":1,"featured_media":0,"parent":99,"menu_order":4,"comment_status":"closed","ping_status":"closed","template":"elementor_header_footer","meta":{"footnotes":""},"class_list":["post-567","page","type-page","status-publish","hentry","entry"],"yoast_head":"<!-- This site is optimized with the Yoast SEO plugin v26.6 - https:\/\/yoast.com\/wordpress\/plugins\/seo\/ -->\n<title>Difusi\u00f3 i sensibilitzaci\u00f3 - ASOCIDE CATALUNYA<\/title>\n<meta name=\"robots\" content=\"index, follow, max-snippet:-1, max-image-preview:large, max-video-preview:-1\" \/>\n<link rel=\"canonical\" href=\"https:\/\/asocide-cat.ddns.net\/es\/que-fem\/difusio-i-sensibilitzacio\/\" \/>\n<meta property=\"og:locale\" content=\"es_ES\" \/>\n<meta property=\"og:type\" content=\"article\" \/>\n<meta property=\"og:title\" content=\"Difusi\u00f3 i sensibilitzaci\u00f3 - ASOCIDE CATALUNYA\" \/>\n<meta property=\"og:description\" content=\"DIFUSI\u00d3 I SENSIBILITZACI\u00d3 Sempre que se\u2019ns sol\u00b7licita, oferim xerrades i tallers sobre la sordceguesa, per tal de donar a con\u00e8ixer a tothom qui estigui interessat quin \u00e9s el perfil d\u2019una persona que pateix aquesta discapacitat; aix\u00ed com explicar la manera de dirigir-se a ella i com comunicar-s\u2019hi. \u00a0 \u00a0 \u00c9s molt important que les pr\u00f2pies&hellip; Seguir leyendo Difusi\u00f3 i sensibilitzaci\u00f3\" \/>\n<meta property=\"og:url\" content=\"https:\/\/asocide-cat.ddns.net\/es\/que-fem\/difusio-i-sensibilitzacio\/\" \/>\n<meta property=\"og:site_name\" content=\"ASOCIDE CATALUNYA\" \/>\n<meta property=\"article:modified_time\" content=\"2024-04-26T13:47:24+00:00\" \/>\n<meta name=\"twitter:card\" content=\"summary_large_image\" \/>\n<meta name=\"twitter:label1\" content=\"Tiempo de lectura\" \/>\n\t<meta name=\"twitter:data1\" content=\"1 minuto\" \/>\n<script type=\"application\/ld+json\" class=\"yoast-schema-graph\">{\"@context\":\"https:\/\/schema.org\",\"@graph\":[{\"@type\":\"WebPage\",\"@id\":\"https:\/\/asocide-cat.ddns.net\/que-fem\/difusio-i-sensibilitzacio\/\",\"url\":\"https:\/\/asocide-cat.ddns.net\/que-fem\/difusio-i-sensibilitzacio\/\",\"name\":\"Difusi\u00f3 i sensibilitzaci\u00f3 - ASOCIDE CATALUNYA\",\"isPartOf\":{\"@id\":\"https:\/\/asocide-cat.ddns.net\/ca\/#website\"},\"datePublished\":\"2024-04-25T18:17:40+00:00\",\"dateModified\":\"2024-04-26T13:47:24+00:00\",\"breadcrumb\":{\"@id\":\"https:\/\/asocide-cat.ddns.net\/que-fem\/difusio-i-sensibilitzacio\/#breadcrumb\"},\"inLanguage\":\"es\",\"potentialAction\":[{\"@type\":\"ReadAction\",\"target\":[\"https:\/\/asocide-cat.ddns.net\/que-fem\/difusio-i-sensibilitzacio\/\"]}]},{\"@type\":\"BreadcrumbList\",\"@id\":\"https:\/\/asocide-cat.ddns.net\/que-fem\/difusio-i-sensibilitzacio\/#breadcrumb\",\"itemListElement\":[{\"@type\":\"ListItem\",\"position\":1,\"name\":\"Inici\",\"item\":\"https:\/\/asocide-cat.ddns.net\/\"},{\"@type\":\"ListItem\",\"position\":2,\"name\":\"Serveis\",\"item\":\"https:\/\/asocide-cat.ddns.net\/que-fem\/\"},{\"@type\":\"ListItem\",\"position\":3,\"name\":\"Difusi\u00f3 i sensibilitzaci\u00f3\"}]},{\"@type\":\"WebSite\",\"@id\":\"https:\/\/asocide-cat.ddns.net\/ca\/#website\",\"url\":\"https:\/\/asocide-cat.ddns.net\/ca\/\",\"name\":\"ASOCIDE CATALUNYA\",\"description\":\"Associaci\u00f3 de sordcecs de Catalunya\",\"publisher\":{\"@id\":\"https:\/\/asocide-cat.ddns.net\/ca\/#organization\"},\"potentialAction\":[{\"@type\":\"SearchAction\",\"target\":{\"@type\":\"EntryPoint\",\"urlTemplate\":\"https:\/\/asocide-cat.ddns.net\/ca\/?s={search_term_string}\"},\"query-input\":{\"@type\":\"PropertyValueSpecification\",\"valueRequired\":true,\"valueName\":\"search_term_string\"}}],\"inLanguage\":\"es\"},{\"@type\":\"Organization\",\"@id\":\"https:\/\/asocide-cat.ddns.net\/ca\/#organization\",\"name\":\"ASOCIDE CATALUNYA\",\"url\":\"https:\/\/asocide-cat.ddns.net\/ca\/\",\"logo\":{\"@type\":\"ImageObject\",\"inLanguage\":\"es\",\"@id\":\"https:\/\/asocide-cat.ddns.net\/ca\/#\/schema\/logo\/image\/\",\"url\":\"https:\/\/asocide-cat.ddns.net\/wp-content\/uploads\/2021\/11\/Logo-asocide.jpg\",\"contentUrl\":\"https:\/\/asocide-cat.ddns.net\/wp-content\/uploads\/2021\/11\/Logo-asocide.jpg\",\"width\":110,\"height\":250,\"caption\":\"ASOCIDE CATALUNYA\"},\"image\":{\"@id\":\"https:\/\/asocide-cat.ddns.net\/ca\/#\/schema\/logo\/image\/\"}}]}<\/script>\n<!-- \/ Yoast SEO plugin. -->","yoast_head_json":{"title":"Difusi\u00f3 i sensibilitzaci\u00f3 - ASOCIDE CATALUNYA","robots":{"index":"index","follow":"follow","max-snippet":"max-snippet:-1","max-image-preview":"max-image-preview:large","max-video-preview":"max-video-preview:-1"},"canonical":"https:\/\/asocide-cat.ddns.net\/es\/que-fem\/difusio-i-sensibilitzacio\/","og_locale":"es_ES","og_type":"article","og_title":"Difusi\u00f3 i sensibilitzaci\u00f3 - ASOCIDE CATALUNYA","og_description":"DIFUSI\u00d3 I SENSIBILITZACI\u00d3 Sempre que se\u2019ns sol\u00b7licita, oferim xerrades i tallers sobre la sordceguesa, per tal de donar a con\u00e8ixer a tothom qui estigui interessat quin \u00e9s el perfil d\u2019una persona que pateix aquesta discapacitat; aix\u00ed com explicar la manera de dirigir-se a ella i com comunicar-s\u2019hi. \u00a0 \u00a0 \u00c9s molt important que les pr\u00f2pies&hellip; Seguir leyendo Difusi\u00f3 i sensibilitzaci\u00f3","og_url":"https:\/\/asocide-cat.ddns.net\/es\/que-fem\/difusio-i-sensibilitzacio\/","og_site_name":"ASOCIDE CATALUNYA","article_modified_time":"2024-04-26T13:47:24+00:00","twitter_card":"summary_large_image","twitter_misc":{"Tiempo de lectura":"1 minuto"},"schema":{"@context":"https:\/\/schema.org","@graph":[{"@type":"WebPage","@id":"https:\/\/asocide-cat.ddns.net\/que-fem\/difusio-i-sensibilitzacio\/","url":"https:\/\/asocide-cat.ddns.net\/que-fem\/difusio-i-sensibilitzacio\/","name":"Difusi\u00f3 i sensibilitzaci\u00f3 - ASOCIDE CATALUNYA","isPartOf":{"@id":"https:\/\/asocide-cat.ddns.net\/ca\/#website"},"datePublished":"2024-04-25T18:17:40+00:00","dateModified":"2024-04-26T13:47:24+00:00","breadcrumb":{"@id":"https:\/\/asocide-cat.ddns.net\/que-fem\/difusio-i-sensibilitzacio\/#breadcrumb"},"inLanguage":"es","potentialAction":[{"@type":"ReadAction","target":["https:\/\/asocide-cat.ddns.net\/que-fem\/difusio-i-sensibilitzacio\/"]}]},{"@type":"BreadcrumbList","@id":"https:\/\/asocide-cat.ddns.net\/que-fem\/difusio-i-sensibilitzacio\/#breadcrumb","itemListElement":[{"@type":"ListItem","position":1,"name":"Inici","item":"https:\/\/asocide-cat.ddns.net\/"},{"@type":"ListItem","position":2,"name":"Serveis","item":"https:\/\/asocide-cat.ddns.net\/que-fem\/"},{"@type":"ListItem","position":3,"name":"Difusi\u00f3 i sensibilitzaci\u00f3"}]},{"@type":"WebSite","@id":"https:\/\/asocide-cat.ddns.net\/ca\/#website","url":"https:\/\/asocide-cat.ddns.net\/ca\/","name":"ASOCIDE CATALUNYA","description":"Associaci\u00f3 de sordcecs de Catalunya","publisher":{"@id":"https:\/\/asocide-cat.ddns.net\/ca\/#organization"},"potentialAction":[{"@type":"SearchAction","target":{"@type":"EntryPoint","urlTemplate":"https:\/\/asocide-cat.ddns.net\/ca\/?s={search_term_string}"},"query-input":{"@type":"PropertyValueSpecification","valueRequired":true,"valueName":"search_term_string"}}],"inLanguage":"es"},{"@type":"Organization","@id":"https:\/\/asocide-cat.ddns.net\/ca\/#organization","name":"ASOCIDE CATALUNYA","url":"https:\/\/asocide-cat.ddns.net\/ca\/","logo":{"@type":"ImageObject","inLanguage":"es","@id":"https:\/\/asocide-cat.ddns.net\/ca\/#\/schema\/logo\/image\/","url":"https:\/\/asocide-cat.ddns.net\/wp-content\/uploads\/2021\/11\/Logo-asocide.jpg","contentUrl":"https:\/\/asocide-cat.ddns.net\/wp-content\/uploads\/2021\/11\/Logo-asocide.jpg","width":110,"height":250,"caption":"ASOCIDE CATALUNYA"},"image":{"@id":"https:\/\/asocide-cat.ddns.net\/ca\/#\/schema\/logo\/image\/"}}]}},"_links":{"self":[{"href":"https:\/\/asocide-cat.ddns.net\/es\/wp-json\/wp\/v2\/pages\/567","targetHints":{"allow":["GET"]}}],"collection":[{"href":"https:\/\/asocide-cat.ddns.net\/es\/wp-json\/wp\/v2\/pages"}],"about":[{"href":"https:\/\/asocide-cat.ddns.net\/es\/wp-json\/wp\/v2\/types\/page"}],"author":[{"embeddable":true,"href":"https:\/\/asocide-cat.ddns.net\/es\/wp-json\/wp\/v2\/users\/1"}],"replies":[{"embeddable":true,"href":"https:\/\/asocide-cat.ddns.net\/es\/wp-json\/wp\/v2\/comments?post=567"}],"version-history":[{"count":16,"href":"https:\/\/asocide-cat.ddns.net\/es\/wp-json\/wp\/v2\/pages\/567\/revisions"}],"predecessor-version":[{"id":623,"href":"https:\/\/asocide-cat.ddns.net\/es\/wp-json\/wp\/v2\/pages\/567\/revisions\/623"}],"up":[{"embeddable":true,"href":"https:\/\/asocide-cat.ddns.net\/es\/wp-json\/wp\/v2\/pages\/99"}],"wp:attachment":[{"href":"https:\/\/asocide-cat.ddns.net\/es\/wp-json\/wp\/v2\/media?parent=567"}],"curies":[{"name":"wp","href":"https:\/\/api.w.org\/{rel}","templated":true}]}}