{"id":670,"date":"2024-04-26T14:41:15","date_gmt":"2024-04-26T14:41:15","guid":{"rendered":"https:\/\/asocide-cat.ddns.net\/?page_id=670"},"modified":"2024-04-26T14:43:33","modified_gmt":"2024-04-26T14:43:33","slug":"que-es","status":"publish","type":"page","link":"https:\/\/asocide-cat.ddns.net\/es\/sordceguesa\/que-es\/","title":{"rendered":"Qu\u00e8 \u00e9s?"},"content":{"rendered":"<div data-elementor-type=\"wp-page\" data-elementor-id=\"670\" class=\"elementor elementor-670\">\n\t\t\t\t\t\t<section class=\"elementor-section elementor-top-section elementor-element elementor-element-d24e472 elementor-section-boxed elementor-section-height-default elementor-section-height-default\" data-id=\"d24e472\" data-element_type=\"section\">\n\t\t\t\t\t\t<div class=\"elementor-container elementor-column-gap-default\">\n\t\t\t\t\t<div class=\"elementor-column elementor-col-100 elementor-top-column elementor-element elementor-element-a901ce2\" data-id=\"a901ce2\" data-element_type=\"column\">\n\t\t\t<div class=\"elementor-widget-wrap elementor-element-populated\">\n\t\t\t\t\t\t<div class=\"elementor-element elementor-element-d9a0a3d elementor-widget elementor-widget-heading\" data-id=\"d9a0a3d\" data-element_type=\"widget\" data-widget_type=\"heading.default\">\n\t\t\t\t<div class=\"elementor-widget-container\">\n\t\t\t\t\t<h2 class=\"elementor-heading-title elementor-size-default\">Qu\u00e8 \u00e9s?<\/h2>\t\t\t\t<\/div>\n\t\t\t\t<\/div>\n\t\t\t\t<div class=\"elementor-element elementor-element-861f0dc elementor-widget elementor-widget-text-editor\" data-id=\"861f0dc\" data-element_type=\"widget\" data-widget_type=\"text-editor.default\">\n\t\t\t\t<div class=\"elementor-widget-container\">\n\t\t\t\t\t\t\t\t\t<p>La sordceguesa \u00e9s una discapacitat que resulta de la combinaci\u00f3 de dues defici\u00e8ncies sensorials (visual i auditiva), que genera en les persones que la pateixen problemes de comunicaci\u00f3 \u00fanics i necessitats especials derivades de la dificultat per percebre de manera global, con\u00e8ixer i, per tant, interessar-se i desenvolupar-se en el seu entorn.<\/p><p>\u00a0<\/p><p>Segons la Llei 27\/2007, de 23 d&#8217;octubre, per la qual es reconeixen les lleng\u00fces de signes espanyoles i es regulen els mitjans de suport a la comunicaci\u00f3 oral de les persones sordes, amb discapacitat auditiva i sordcegues, aquestes \u00faltimes vindrien definides com: \u00abS\u00f3n aquelles persones amb un deteriorament combinat de la vista i l&#8217;o\u00efda que dificulta el seu acc\u00e9s a la informaci\u00f3, a la comunicaci\u00f3 i a la mobilitat. Aquesta discapacitat afecta greument les habilitats di\u00e0ries necess\u00e0ries per a una vida m\u00ednimament aut\u00f2noma, requereix serveis especialitzats, personal espec\u00edficament format per a la seva atenci\u00f3 i m\u00e8todes especials de comunicaci\u00f3\u00bb.<\/p><p>\u00a0<\/p><p>Algunes persones Sordcegues s\u00f3n totalment sordes i cegues, mentre que d&#8217;altres tenen restes auditives i\/o visuals. En tot cas, l&#8217; efecte d&#8217; incomunicaci\u00f3 i desconnexi\u00f3 amb el m\u00f3n que produeix la combinaci\u00f3 de les dues defici\u00e8ncies \u00e9s tal, que la persona Sordcega t\u00e9 greus dificultats per accedir a la informaci\u00f3, a l&#8217; educaci\u00f3, a la capacitaci\u00f3 professional, al treball, a la vida social i a les activitats culturals.<\/p><p>\u00a0<\/p><p>En el cas de les persones Sordcegues de naixement, o de les que adquireixen la sordceguesa a primerenca edat, la situaci\u00f3 es complica pel fet que poden donar-se problemes addicionals que afectin la seva personalitat o conducta. Aquestes complicacions redueixen encara m\u00e9s les seves possibilitats d&#8217;aprofitar qualsevol resta visual o auditiu.<\/p><p>\u00a0<\/p><p>De tot aix\u00f2 es dedueix que la sordceguesa \u00e9s una discapacitat amb entitat pr\u00f2pia i que les persones Sordcegues requereixen serveis especialitzats, personal espec\u00edficament format per a la seva atenci\u00f3 i m\u00e8todes especials de comunicaci\u00f3 per fer front a les activitats de la vida di\u00e0ria.<\/p><p>\u00a0<\/p><p>Aquesta conclusi\u00f3 porta necess\u00e0riament al reconeixement de la sordceguesa com una discapacitat diferent que resulta de la combinaci\u00f3 de les dues defici\u00e8ncies sensorials i no com la suma d&#8217; ambdues. Des d&#8217; aquesta perspectiva la sordceguesa est\u00e0 reconeguda com una discapacitat espec\u00edfica. Aix\u00ed es recull en la DECLARACI\u00d3 I\/2004 del Parlament Europeu i en la Proposici\u00f3 No de Llei 161\/000800 de Parlament Espanyol (28 de Novembre de 2005).<\/p>\t\t\t\t\t\t\t\t<\/div>\n\t\t\t\t<\/div>\n\t\t\t\t\t<\/div>\n\t\t<\/div>\n\t\t\t\t\t<\/div>\n\t\t<\/section>\n\t\t\t\t<\/div>","protected":false},"excerpt":{"rendered":"<p>Qu\u00e8 \u00e9s? La sordceguesa \u00e9s una discapacitat que resulta de la combinaci\u00f3 de dues defici\u00e8ncies sensorials (visual i auditiva), que genera en les persones que la pateixen problemes de comunicaci\u00f3 \u00fanics i necessitats especials derivades de la dificultat per percebre de manera global, con\u00e8ixer i, per tant, interessar-se i desenvolupar-se en el seu entorn. \u00a0&hellip; <a class=\"more-link\" href=\"https:\/\/asocide-cat.ddns.net\/es\/sordceguesa\/que-es\/\">Seguir leyendo <span class=\"screen-reader-text\">Qu\u00e8 \u00e9s?<\/span><\/a><\/p>","protected":false},"author":1,"featured_media":0,"parent":668,"menu_order":0,"comment_status":"closed","ping_status":"closed","template":"elementor_header_footer","meta":{"footnotes":""},"class_list":["post-670","page","type-page","status-publish","hentry","entry"],"yoast_head":"<!-- This site is optimized with the Yoast SEO plugin v26.6 - https:\/\/yoast.com\/wordpress\/plugins\/seo\/ -->\n<title>Qu\u00e8 \u00e9s? - ASOCIDE CATALUNYA<\/title>\n<meta name=\"robots\" content=\"index, follow, max-snippet:-1, max-image-preview:large, max-video-preview:-1\" \/>\n<link rel=\"canonical\" href=\"https:\/\/asocide-cat.ddns.net\/es\/sordceguesa\/que-es\/\" \/>\n<meta property=\"og:locale\" content=\"es_ES\" \/>\n<meta property=\"og:type\" content=\"article\" \/>\n<meta property=\"og:title\" content=\"Qu\u00e8 \u00e9s? - ASOCIDE CATALUNYA\" \/>\n<meta property=\"og:description\" content=\"Qu\u00e8 \u00e9s? La sordceguesa \u00e9s una discapacitat que resulta de la combinaci\u00f3 de dues defici\u00e8ncies sensorials (visual i auditiva), que genera en les persones que la pateixen problemes de comunicaci\u00f3 \u00fanics i necessitats especials derivades de la dificultat per percebre de manera global, con\u00e8ixer i, per tant, interessar-se i desenvolupar-se en el seu entorn. \u00a0&hellip; Seguir leyendo Qu\u00e8 \u00e9s?\" \/>\n<meta property=\"og:url\" content=\"https:\/\/asocide-cat.ddns.net\/es\/sordceguesa\/que-es\/\" \/>\n<meta property=\"og:site_name\" content=\"ASOCIDE CATALUNYA\" \/>\n<meta property=\"article:modified_time\" content=\"2024-04-26T14:43:33+00:00\" \/>\n<meta name=\"twitter:card\" content=\"summary_large_image\" \/>\n<meta name=\"twitter:label1\" content=\"Tiempo de lectura\" \/>\n\t<meta name=\"twitter:data1\" content=\"3 minutos\" \/>\n<script type=\"application\/ld+json\" class=\"yoast-schema-graph\">{\"@context\":\"https:\/\/schema.org\",\"@graph\":[{\"@type\":\"WebPage\",\"@id\":\"https:\/\/asocide-cat.ddns.net\/sordceguesa\/que-es\/\",\"url\":\"https:\/\/asocide-cat.ddns.net\/sordceguesa\/que-es\/\",\"name\":\"Qu\u00e8 \u00e9s? - ASOCIDE CATALUNYA\",\"isPartOf\":{\"@id\":\"https:\/\/asocide-cat.ddns.net\/ca\/#website\"},\"datePublished\":\"2024-04-26T14:41:15+00:00\",\"dateModified\":\"2024-04-26T14:43:33+00:00\",\"breadcrumb\":{\"@id\":\"https:\/\/asocide-cat.ddns.net\/sordceguesa\/que-es\/#breadcrumb\"},\"inLanguage\":\"es\",\"potentialAction\":[{\"@type\":\"ReadAction\",\"target\":[\"https:\/\/asocide-cat.ddns.net\/sordceguesa\/que-es\/\"]}]},{\"@type\":\"BreadcrumbList\",\"@id\":\"https:\/\/asocide-cat.ddns.net\/sordceguesa\/que-es\/#breadcrumb\",\"itemListElement\":[{\"@type\":\"ListItem\",\"position\":1,\"name\":\"Inici\",\"item\":\"https:\/\/asocide-cat.ddns.net\/\"},{\"@type\":\"ListItem\",\"position\":2,\"name\":\"Sordceguesa\",\"item\":\"https:\/\/asocide-cat.ddns.net\/sordceguesa\/\"},{\"@type\":\"ListItem\",\"position\":3,\"name\":\"Qu\u00e8 \u00e9s?\"}]},{\"@type\":\"WebSite\",\"@id\":\"https:\/\/asocide-cat.ddns.net\/ca\/#website\",\"url\":\"https:\/\/asocide-cat.ddns.net\/ca\/\",\"name\":\"ASOCIDE CATALUNYA\",\"description\":\"Associaci\u00f3 de sordcecs de Catalunya\",\"publisher\":{\"@id\":\"https:\/\/asocide-cat.ddns.net\/ca\/#organization\"},\"potentialAction\":[{\"@type\":\"SearchAction\",\"target\":{\"@type\":\"EntryPoint\",\"urlTemplate\":\"https:\/\/asocide-cat.ddns.net\/ca\/?s={search_term_string}\"},\"query-input\":{\"@type\":\"PropertyValueSpecification\",\"valueRequired\":true,\"valueName\":\"search_term_string\"}}],\"inLanguage\":\"es\"},{\"@type\":\"Organization\",\"@id\":\"https:\/\/asocide-cat.ddns.net\/ca\/#organization\",\"name\":\"ASOCIDE CATALUNYA\",\"url\":\"https:\/\/asocide-cat.ddns.net\/ca\/\",\"logo\":{\"@type\":\"ImageObject\",\"inLanguage\":\"es\",\"@id\":\"https:\/\/asocide-cat.ddns.net\/ca\/#\/schema\/logo\/image\/\",\"url\":\"https:\/\/asocide-cat.ddns.net\/wp-content\/uploads\/2021\/11\/Logo-asocide.jpg\",\"contentUrl\":\"https:\/\/asocide-cat.ddns.net\/wp-content\/uploads\/2021\/11\/Logo-asocide.jpg\",\"width\":110,\"height\":250,\"caption\":\"ASOCIDE CATALUNYA\"},\"image\":{\"@id\":\"https:\/\/asocide-cat.ddns.net\/ca\/#\/schema\/logo\/image\/\"}}]}<\/script>\n<!-- \/ Yoast SEO plugin. -->","yoast_head_json":{"title":"Qu\u00e8 \u00e9s? - ASOCIDE CATALUNYA","robots":{"index":"index","follow":"follow","max-snippet":"max-snippet:-1","max-image-preview":"max-image-preview:large","max-video-preview":"max-video-preview:-1"},"canonical":"https:\/\/asocide-cat.ddns.net\/es\/sordceguesa\/que-es\/","og_locale":"es_ES","og_type":"article","og_title":"Qu\u00e8 \u00e9s? - ASOCIDE CATALUNYA","og_description":"Qu\u00e8 \u00e9s? La sordceguesa \u00e9s una discapacitat que resulta de la combinaci\u00f3 de dues defici\u00e8ncies sensorials (visual i auditiva), que genera en les persones que la pateixen problemes de comunicaci\u00f3 \u00fanics i necessitats especials derivades de la dificultat per percebre de manera global, con\u00e8ixer i, per tant, interessar-se i desenvolupar-se en el seu entorn. \u00a0&hellip; Seguir leyendo Qu\u00e8 \u00e9s?","og_url":"https:\/\/asocide-cat.ddns.net\/es\/sordceguesa\/que-es\/","og_site_name":"ASOCIDE CATALUNYA","article_modified_time":"2024-04-26T14:43:33+00:00","twitter_card":"summary_large_image","twitter_misc":{"Tiempo de lectura":"3 minutos"},"schema":{"@context":"https:\/\/schema.org","@graph":[{"@type":"WebPage","@id":"https:\/\/asocide-cat.ddns.net\/sordceguesa\/que-es\/","url":"https:\/\/asocide-cat.ddns.net\/sordceguesa\/que-es\/","name":"Qu\u00e8 \u00e9s? - ASOCIDE CATALUNYA","isPartOf":{"@id":"https:\/\/asocide-cat.ddns.net\/ca\/#website"},"datePublished":"2024-04-26T14:41:15+00:00","dateModified":"2024-04-26T14:43:33+00:00","breadcrumb":{"@id":"https:\/\/asocide-cat.ddns.net\/sordceguesa\/que-es\/#breadcrumb"},"inLanguage":"es","potentialAction":[{"@type":"ReadAction","target":["https:\/\/asocide-cat.ddns.net\/sordceguesa\/que-es\/"]}]},{"@type":"BreadcrumbList","@id":"https:\/\/asocide-cat.ddns.net\/sordceguesa\/que-es\/#breadcrumb","itemListElement":[{"@type":"ListItem","position":1,"name":"Inici","item":"https:\/\/asocide-cat.ddns.net\/"},{"@type":"ListItem","position":2,"name":"Sordceguesa","item":"https:\/\/asocide-cat.ddns.net\/sordceguesa\/"},{"@type":"ListItem","position":3,"name":"Qu\u00e8 \u00e9s?"}]},{"@type":"WebSite","@id":"https:\/\/asocide-cat.ddns.net\/ca\/#website","url":"https:\/\/asocide-cat.ddns.net\/ca\/","name":"ASOCIDE CATALUNYA","description":"Associaci\u00f3 de sordcecs de Catalunya","publisher":{"@id":"https:\/\/asocide-cat.ddns.net\/ca\/#organization"},"potentialAction":[{"@type":"SearchAction","target":{"@type":"EntryPoint","urlTemplate":"https:\/\/asocide-cat.ddns.net\/ca\/?s={search_term_string}"},"query-input":{"@type":"PropertyValueSpecification","valueRequired":true,"valueName":"search_term_string"}}],"inLanguage":"es"},{"@type":"Organization","@id":"https:\/\/asocide-cat.ddns.net\/ca\/#organization","name":"ASOCIDE CATALUNYA","url":"https:\/\/asocide-cat.ddns.net\/ca\/","logo":{"@type":"ImageObject","inLanguage":"es","@id":"https:\/\/asocide-cat.ddns.net\/ca\/#\/schema\/logo\/image\/","url":"https:\/\/asocide-cat.ddns.net\/wp-content\/uploads\/2021\/11\/Logo-asocide.jpg","contentUrl":"https:\/\/asocide-cat.ddns.net\/wp-content\/uploads\/2021\/11\/Logo-asocide.jpg","width":110,"height":250,"caption":"ASOCIDE CATALUNYA"},"image":{"@id":"https:\/\/asocide-cat.ddns.net\/ca\/#\/schema\/logo\/image\/"}}]}},"_links":{"self":[{"href":"https:\/\/asocide-cat.ddns.net\/es\/wp-json\/wp\/v2\/pages\/670","targetHints":{"allow":["GET"]}}],"collection":[{"href":"https:\/\/asocide-cat.ddns.net\/es\/wp-json\/wp\/v2\/pages"}],"about":[{"href":"https:\/\/asocide-cat.ddns.net\/es\/wp-json\/wp\/v2\/types\/page"}],"author":[{"embeddable":true,"href":"https:\/\/asocide-cat.ddns.net\/es\/wp-json\/wp\/v2\/users\/1"}],"replies":[{"embeddable":true,"href":"https:\/\/asocide-cat.ddns.net\/es\/wp-json\/wp\/v2\/comments?post=670"}],"version-history":[{"count":7,"href":"https:\/\/asocide-cat.ddns.net\/es\/wp-json\/wp\/v2\/pages\/670\/revisions"}],"predecessor-version":[{"id":678,"href":"https:\/\/asocide-cat.ddns.net\/es\/wp-json\/wp\/v2\/pages\/670\/revisions\/678"}],"up":[{"embeddable":true,"href":"https:\/\/asocide-cat.ddns.net\/es\/wp-json\/wp\/v2\/pages\/668"}],"wp:attachment":[{"href":"https:\/\/asocide-cat.ddns.net\/es\/wp-json\/wp\/v2\/media?parent=670"}],"curies":[{"name":"wp","href":"https:\/\/api.w.org\/{rel}","templated":true}]}}