{"id":814,"date":"2024-04-27T15:46:13","date_gmt":"2024-04-27T15:46:13","guid":{"rendered":"https:\/\/asocide-cat.ddns.net\/?page_id=814"},"modified":"2024-04-27T16:13:17","modified_gmt":"2024-04-27T16:13:17","slug":"el-tacte","status":"publish","type":"page","link":"https:\/\/asocide-cat.ddns.net\/es\/sordceguesa\/el-tacte\/","title":{"rendered":"El tacte"},"content":{"rendered":"<div data-elementor-type=\"wp-page\" data-elementor-id=\"814\" class=\"elementor elementor-814\">\n\t\t\t\t\t\t<section class=\"elementor-section elementor-top-section elementor-element elementor-element-b2c7594 elementor-section-boxed elementor-section-height-default elementor-section-height-default\" data-id=\"b2c7594\" data-element_type=\"section\">\n\t\t\t\t\t\t<div class=\"elementor-container elementor-column-gap-default\">\n\t\t\t\t\t<div class=\"elementor-column elementor-col-100 elementor-top-column elementor-element elementor-element-7292c2a\" data-id=\"7292c2a\" data-element_type=\"column\">\n\t\t\t<div class=\"elementor-widget-wrap elementor-element-populated\">\n\t\t\t\t\t\t<div class=\"elementor-element elementor-element-92f3b32 elementor-widget elementor-widget-heading\" data-id=\"92f3b32\" data-element_type=\"widget\" data-widget_type=\"heading.default\">\n\t\t\t\t<div class=\"elementor-widget-container\">\n\t\t\t\t\t<h2 class=\"elementor-heading-title elementor-size-default\">El tacte<\/h2>\t\t\t\t<\/div>\n\t\t\t\t<\/div>\n\t\t\t\t<div class=\"elementor-element elementor-element-f4e7dd4 elementor-widget elementor-widget-text-editor\" data-id=\"f4e7dd4\" data-element_type=\"widget\" data-widget_type=\"text-editor.default\">\n\t\t\t\t<div class=\"elementor-widget-container\">\n\t\t\t\t\t\t\t\t\tLa p\u00e8rdua en diversos graus de vista i o\u00efda, \u00e9s a dir, la sordceguesa, afecta el coneixement immediat de tot el que s&#8217;esdev\u00e9 al voltant, ja que queda bastant m\u00e9s restringit l&#8217;abast de la percepci\u00f3 sensorial, i aix\u00f2 limita la interacci\u00f3 amb l&#8217;entorn f\u00edsic, intel\u00b7lectual i emocional.\t\t\t\t\t\t\t\t<\/div>\n\t\t\t\t<\/div>\n\t\t\t\t<div class=\"elementor-element elementor-element-609877e elementor-widget elementor-widget-image\" data-id=\"609877e\" data-element_type=\"widget\" data-widget_type=\"image.default\">\n\t\t\t\t<div class=\"elementor-widget-container\">\n\t\t\t\t\t\t\t\t\t\t\t\t\t\t\t<img decoding=\"async\" width=\"201\" height=\"133\" src=\"https:\/\/asocide-cat.ddns.net\/wp-content\/uploads\/2024\/04\/EL_TACTE.jpg\" class=\"attachment-large size-large wp-image-821\" alt=\"\" srcset=\"https:\/\/asocide-cat.ddns.net\/wp-content\/uploads\/2024\/04\/EL_TACTE.jpg 201w, https:\/\/asocide-cat.ddns.net\/wp-content\/uploads\/2024\/04\/EL_TACTE-18x12.jpg 18w\" sizes=\"(max-width: 201px) 100vw, 201px\" style=\"width:100%;height:66.17%;max-width:201px\" \/>\t\t\t\t\t\t\t\t\t\t\t\t\t\t\t<\/div>\n\t\t\t\t<\/div>\n\t\t\t\t<div class=\"elementor-element elementor-element-99230da elementor-widget elementor-widget-text-editor\" data-id=\"99230da\" data-element_type=\"widget\" data-widget_type=\"text-editor.default\">\n\t\t\t\t<div class=\"elementor-widget-container\">\n\t\t\t\t\t\t\t\t\t<p>En el cas extrem, que \u00e9s la sordceguesa total, el m\u00f3n de la persona queda restringit a nom\u00e9s all\u00f2 que pot assolir amb la punta dels seus dits. I \u00e9s a partir de la punta dels seus dits, per on \u00e9s possible tornar a fer cr\u00e9ixer el seu m\u00f3n de nou.<\/p><p>L&#8217;adaptaci\u00f3 i integraci\u00f3 de les persones sordcegues es basa en la intensiva utilitzaci\u00f3 de tots els recursos sensorials que encara posseeixen: restes visuals i\/o auditives, tacte, olfacte, gust, per\u00f2 \u00e9s el seu sentit del tacte el que adquireix una especial rellev\u00e0ncia en les seves necessitats de comunicaci\u00f3, d&#8217;adquisici\u00f3 de coneixements i d&#8217;aprenentatge.<\/p><p>El tacte \u00e9s un sentit que es pot desenvolupar i oferir m\u00e9s prestacions del que generalment es creu i pot ajudar-nos a recaptar tamb\u00e9 m\u00e9s informaci\u00f3. Dels cinc sentits tradicionals, el tacte \u00e9s en realitat l&#8217;\u00fanic sense el qual no podr\u00edem viure. Imaginem per exemple, que no sentim la cullera que subjectem per menjar, la cadira en qu\u00e8 ens asseiem, el llit on ens tendim o el terra que estem trepitjant. El tacte \u00e9s el sentit que ens mant\u00e9 en constant contacte amb la realitat, ja que mentre la vista dep\u00e8n dels ulls, l&#8217;o\u00efda dels \u00f2rgans auditius, l&#8217;olfacte del nas i el gust de la llengua, el tacte, en canvi, s&#8217;est\u00e9n per tota la nostra pell.<\/p><p>A trav\u00e9s de la pell, rebem sensacions de pressi\u00f3, fred, calor, etc. Curiosament, la part m\u00e9s sensible del nostre cos \u00e9s la punta de la llengua. Si fem la prova, veurem que fins i tot \u00e9s capa\u00e7 de captar amb m\u00e9s precisi\u00f3 els punts del Sistema Braille, que la pr\u00f2pia punta dels dits. Tots tenim la prova que el tacte s&#8217;utilitza com a mitj\u00e0 d&#8217;obtenir informaci\u00f3 ja des de molt primerenca edat, si recordem que els nens molt petits solen \u00abexplorar\u00bb els objectes portant-los a la boca.<\/p><p>Despr\u00e9s de la punta de la llengua, la zona de major sensibilitat \u00e9s la punta dels dits, i aquesta sensibilitat \u00e9s el major tresor de qu\u00e8 disposa una persona que \u00e9s alhora sorda i cega.<\/p><p>La m\u00e0 humana \u00e9s un marrec instrument, del qual s&#8217;ha calculat que \u00e9s capa\u00e7 de realitzar uns 300 milions de posicions potencialment \u00fatils amb nom\u00e9s els seus cinc dits.<\/p><p>D&#8217;aix\u00f2 dona prova la gran quantitat d&#8217;alfabets manuals que hi ha al m\u00f3n, diferents d&#8217;un pa\u00eds a un altre.<\/p>\t\t\t\t\t\t\t\t<\/div>\n\t\t\t\t<\/div>\n\t\t\t\t<div class=\"elementor-element elementor-element-63f37a6 elementor-widget elementor-widget-image\" data-id=\"63f37a6\" data-element_type=\"widget\" data-widget_type=\"image.default\">\n\t\t\t\t<div class=\"elementor-widget-container\">\n\t\t\t\t\t\t\t\t\t\t\t\t\t\t\t<img decoding=\"async\" width=\"252\" height=\"117\" src=\"https:\/\/asocide-cat.ddns.net\/wp-content\/uploads\/2024\/04\/EL_TACTE2.jpg\" class=\"attachment-large size-large wp-image-825\" alt=\"\" srcset=\"https:\/\/asocide-cat.ddns.net\/wp-content\/uploads\/2024\/04\/EL_TACTE2.jpg 252w, https:\/\/asocide-cat.ddns.net\/wp-content\/uploads\/2024\/04\/EL_TACTE2-18x8.jpg 18w\" sizes=\"(max-width: 252px) 100vw, 252px\" style=\"width:100%;height:46.43%;max-width:252px\" \/>\t\t\t\t\t\t\t\t\t\t\t\t\t\t\t<\/div>\n\t\t\t\t<\/div>\n\t\t\t\t<div class=\"elementor-element elementor-element-72a20e3 elementor-widget elementor-widget-text-editor\" data-id=\"72a20e3\" data-element_type=\"widget\" data-widget_type=\"text-editor.default\">\n\t\t\t\t<div class=\"elementor-widget-container\">\n\t\t\t\t\t\t\t\t\t<p>A trav\u00e9s de la m\u00e0 no nom\u00e9s \u00e9s possible la comunicaci\u00f3, sin\u00f3 que \u00e9s un excel\u00b7lent mitj\u00e0 d&#8217;obtenir informaci\u00f3. Potser en puguem prendre consci\u00e8ncia, si ens aturem a pensar en la incomptable quantitat de coses que toquem al llarg d&#8217;un dia. Amb tota seguretat, pocs de nosaltres recordarem haver tingut contacte amb un objecte determinat, per\u00f2 la persona sordcega va desenvolupant el tacte com a centre d&#8217;informaci\u00f3. En aquest proc\u00e9s intervenen elements tan importants, com s\u00f3n la ment i la mem\u00f2ria.<\/p><p>D&#8217;altra banda, comptem amb el Sistema Braille, un excel\u00b7lent mitj\u00e0 per accedir a la informaci\u00f3 i a la cultura, com les persones invidents. A m\u00e9s pot ser en alguns casos el nostre vehicle per comunicar-nos i compartir informaci\u00f3 a dist\u00e0ncia.<\/p><p>Una persona sordcega mai deixa de descobrir noves maneres d&#8217;utilitzar les seves mans, i a trav\u00e9s de la pr\u00e0ctica perfecciona la concentraci\u00f3 i la interpretaci\u00f3 mental, a la qual desenvolupa nous h\u00e0bits musculars, nerviosos i cerebrals, que facilitaran la seva capacitat per a la comunicaci\u00f3 amb els altres i faran que pugui desenvolupar-se amb habilitat en el seu entorn.<\/p>\t\t\t\t\t\t\t\t<\/div>\n\t\t\t\t<\/div>\n\t\t\t\t\t<\/div>\n\t\t<\/div>\n\t\t\t\t\t<\/div>\n\t\t<\/section>\n\t\t\t\t<\/div>","protected":false},"excerpt":{"rendered":"<p>El tacte La p\u00e8rdua en diversos graus de vista i o\u00efda, \u00e9s a dir, la sordceguesa, afecta el coneixement immediat de tot el que s&#8217;esdev\u00e9 al voltant, ja que queda bastant m\u00e9s restringit l&#8217;abast de la percepci\u00f3 sensorial, i aix\u00f2 limita la interacci\u00f3 amb l&#8217;entorn f\u00edsic, intel\u00b7lectual i emocional. En el cas extrem, que \u00e9s&hellip; <a class=\"more-link\" href=\"https:\/\/asocide-cat.ddns.net\/es\/sordceguesa\/el-tacte\/\">Seguir leyendo <span class=\"screen-reader-text\">El tacte<\/span><\/a><\/p>","protected":false},"author":1,"featured_media":0,"parent":668,"menu_order":4,"comment_status":"closed","ping_status":"closed","template":"elementor_header_footer","meta":{"footnotes":""},"class_list":["post-814","page","type-page","status-publish","hentry","entry"],"yoast_head":"<!-- This site is optimized with the Yoast SEO plugin v26.6 - https:\/\/yoast.com\/wordpress\/plugins\/seo\/ -->\n<title>El tacte - ASOCIDE CATALUNYA<\/title>\n<meta name=\"robots\" content=\"index, follow, max-snippet:-1, max-image-preview:large, max-video-preview:-1\" \/>\n<link rel=\"canonical\" href=\"https:\/\/asocide-cat.ddns.net\/es\/sordceguesa\/el-tacte\/\" \/>\n<meta property=\"og:locale\" content=\"es_ES\" \/>\n<meta property=\"og:type\" content=\"article\" \/>\n<meta property=\"og:title\" content=\"El tacte - ASOCIDE CATALUNYA\" \/>\n<meta property=\"og:description\" content=\"El tacte La p\u00e8rdua en diversos graus de vista i o\u00efda, \u00e9s a dir, la sordceguesa, afecta el coneixement immediat de tot el que s&#8217;esdev\u00e9 al voltant, ja que queda bastant m\u00e9s restringit l&#8217;abast de la percepci\u00f3 sensorial, i aix\u00f2 limita la interacci\u00f3 amb l&#8217;entorn f\u00edsic, intel\u00b7lectual i emocional. En el cas extrem, que \u00e9s&hellip; Seguir leyendo El tacte\" \/>\n<meta property=\"og:url\" content=\"https:\/\/asocide-cat.ddns.net\/es\/sordceguesa\/el-tacte\/\" \/>\n<meta property=\"og:site_name\" content=\"ASOCIDE CATALUNYA\" \/>\n<meta property=\"article:modified_time\" content=\"2024-04-27T16:13:17+00:00\" \/>\n<meta property=\"og:image\" content=\"http:\/\/asocide-cat.ddns.net\/wp-content\/uploads\/2024\/04\/EL_TACTE.jpg\" \/>\n<meta name=\"twitter:card\" content=\"summary_large_image\" \/>\n<meta name=\"twitter:label1\" content=\"Tiempo de lectura\" \/>\n\t<meta name=\"twitter:data1\" content=\"4 minutos\" \/>\n<script type=\"application\/ld+json\" class=\"yoast-schema-graph\">{\"@context\":\"https:\/\/schema.org\",\"@graph\":[{\"@type\":\"WebPage\",\"@id\":\"https:\/\/asocide-cat.ddns.net\/ca\/sordceguesa\/el-tacte\/\",\"url\":\"https:\/\/asocide-cat.ddns.net\/ca\/sordceguesa\/el-tacte\/\",\"name\":\"El tacte - ASOCIDE CATALUNYA\",\"isPartOf\":{\"@id\":\"https:\/\/asocide-cat.ddns.net\/ca\/#website\"},\"primaryImageOfPage\":{\"@id\":\"https:\/\/asocide-cat.ddns.net\/ca\/sordceguesa\/el-tacte\/#primaryimage\"},\"image\":{\"@id\":\"https:\/\/asocide-cat.ddns.net\/ca\/sordceguesa\/el-tacte\/#primaryimage\"},\"thumbnailUrl\":\"http:\/\/asocide-cat.ddns.net\/wp-content\/uploads\/2024\/04\/EL_TACTE.jpg\",\"datePublished\":\"2024-04-27T15:46:13+00:00\",\"dateModified\":\"2024-04-27T16:13:17+00:00\",\"breadcrumb\":{\"@id\":\"https:\/\/asocide-cat.ddns.net\/ca\/sordceguesa\/el-tacte\/#breadcrumb\"},\"inLanguage\":\"es\",\"potentialAction\":[{\"@type\":\"ReadAction\",\"target\":[\"https:\/\/asocide-cat.ddns.net\/ca\/sordceguesa\/el-tacte\/\"]}]},{\"@type\":\"ImageObject\",\"inLanguage\":\"es\",\"@id\":\"https:\/\/asocide-cat.ddns.net\/ca\/sordceguesa\/el-tacte\/#primaryimage\",\"url\":\"http:\/\/asocide-cat.ddns.net\/wp-content\/uploads\/2024\/04\/EL_TACTE.jpg\",\"contentUrl\":\"http:\/\/asocide-cat.ddns.net\/wp-content\/uploads\/2024\/04\/EL_TACTE.jpg\"},{\"@type\":\"BreadcrumbList\",\"@id\":\"https:\/\/asocide-cat.ddns.net\/ca\/sordceguesa\/el-tacte\/#breadcrumb\",\"itemListElement\":[{\"@type\":\"ListItem\",\"position\":1,\"name\":\"Inici\",\"item\":\"https:\/\/asocide-cat.ddns.net\/\"},{\"@type\":\"ListItem\",\"position\":2,\"name\":\"Sordceguesa\",\"item\":\"https:\/\/asocide-cat.ddns.net\/sordceguesa\/\"},{\"@type\":\"ListItem\",\"position\":3,\"name\":\"El tacte\"}]},{\"@type\":\"WebSite\",\"@id\":\"https:\/\/asocide-cat.ddns.net\/ca\/#website\",\"url\":\"https:\/\/asocide-cat.ddns.net\/ca\/\",\"name\":\"ASOCIDE CATALUNYA\",\"description\":\"Associaci\u00f3 de sordcecs de Catalunya\",\"publisher\":{\"@id\":\"https:\/\/asocide-cat.ddns.net\/ca\/#organization\"},\"potentialAction\":[{\"@type\":\"SearchAction\",\"target\":{\"@type\":\"EntryPoint\",\"urlTemplate\":\"https:\/\/asocide-cat.ddns.net\/ca\/?s={search_term_string}\"},\"query-input\":{\"@type\":\"PropertyValueSpecification\",\"valueRequired\":true,\"valueName\":\"search_term_string\"}}],\"inLanguage\":\"es\"},{\"@type\":\"Organization\",\"@id\":\"https:\/\/asocide-cat.ddns.net\/ca\/#organization\",\"name\":\"ASOCIDE CATALUNYA\",\"url\":\"https:\/\/asocide-cat.ddns.net\/ca\/\",\"logo\":{\"@type\":\"ImageObject\",\"inLanguage\":\"es\",\"@id\":\"https:\/\/asocide-cat.ddns.net\/ca\/#\/schema\/logo\/image\/\",\"url\":\"https:\/\/asocide-cat.ddns.net\/wp-content\/uploads\/2021\/11\/Logo-asocide.jpg\",\"contentUrl\":\"https:\/\/asocide-cat.ddns.net\/wp-content\/uploads\/2021\/11\/Logo-asocide.jpg\",\"width\":110,\"height\":250,\"caption\":\"ASOCIDE CATALUNYA\"},\"image\":{\"@id\":\"https:\/\/asocide-cat.ddns.net\/ca\/#\/schema\/logo\/image\/\"}}]}<\/script>\n<!-- \/ Yoast SEO plugin. -->","yoast_head_json":{"title":"El tacte - ASOCIDE CATALUNYA","robots":{"index":"index","follow":"follow","max-snippet":"max-snippet:-1","max-image-preview":"max-image-preview:large","max-video-preview":"max-video-preview:-1"},"canonical":"https:\/\/asocide-cat.ddns.net\/es\/sordceguesa\/el-tacte\/","og_locale":"es_ES","og_type":"article","og_title":"El tacte - ASOCIDE CATALUNYA","og_description":"El tacte La p\u00e8rdua en diversos graus de vista i o\u00efda, \u00e9s a dir, la sordceguesa, afecta el coneixement immediat de tot el que s&#8217;esdev\u00e9 al voltant, ja que queda bastant m\u00e9s restringit l&#8217;abast de la percepci\u00f3 sensorial, i aix\u00f2 limita la interacci\u00f3 amb l&#8217;entorn f\u00edsic, intel\u00b7lectual i emocional. En el cas extrem, que \u00e9s&hellip; Seguir leyendo El tacte","og_url":"https:\/\/asocide-cat.ddns.net\/es\/sordceguesa\/el-tacte\/","og_site_name":"ASOCIDE CATALUNYA","article_modified_time":"2024-04-27T16:13:17+00:00","og_image":[{"url":"http:\/\/asocide-cat.ddns.net\/wp-content\/uploads\/2024\/04\/EL_TACTE.jpg","type":"","width":"","height":""}],"twitter_card":"summary_large_image","twitter_misc":{"Tiempo de lectura":"4 minutos"},"schema":{"@context":"https:\/\/schema.org","@graph":[{"@type":"WebPage","@id":"https:\/\/asocide-cat.ddns.net\/ca\/sordceguesa\/el-tacte\/","url":"https:\/\/asocide-cat.ddns.net\/ca\/sordceguesa\/el-tacte\/","name":"El tacte - ASOCIDE CATALUNYA","isPartOf":{"@id":"https:\/\/asocide-cat.ddns.net\/ca\/#website"},"primaryImageOfPage":{"@id":"https:\/\/asocide-cat.ddns.net\/ca\/sordceguesa\/el-tacte\/#primaryimage"},"image":{"@id":"https:\/\/asocide-cat.ddns.net\/ca\/sordceguesa\/el-tacte\/#primaryimage"},"thumbnailUrl":"http:\/\/asocide-cat.ddns.net\/wp-content\/uploads\/2024\/04\/EL_TACTE.jpg","datePublished":"2024-04-27T15:46:13+00:00","dateModified":"2024-04-27T16:13:17+00:00","breadcrumb":{"@id":"https:\/\/asocide-cat.ddns.net\/ca\/sordceguesa\/el-tacte\/#breadcrumb"},"inLanguage":"es","potentialAction":[{"@type":"ReadAction","target":["https:\/\/asocide-cat.ddns.net\/ca\/sordceguesa\/el-tacte\/"]}]},{"@type":"ImageObject","inLanguage":"es","@id":"https:\/\/asocide-cat.ddns.net\/ca\/sordceguesa\/el-tacte\/#primaryimage","url":"http:\/\/asocide-cat.ddns.net\/wp-content\/uploads\/2024\/04\/EL_TACTE.jpg","contentUrl":"http:\/\/asocide-cat.ddns.net\/wp-content\/uploads\/2024\/04\/EL_TACTE.jpg"},{"@type":"BreadcrumbList","@id":"https:\/\/asocide-cat.ddns.net\/ca\/sordceguesa\/el-tacte\/#breadcrumb","itemListElement":[{"@type":"ListItem","position":1,"name":"Inici","item":"https:\/\/asocide-cat.ddns.net\/"},{"@type":"ListItem","position":2,"name":"Sordceguesa","item":"https:\/\/asocide-cat.ddns.net\/sordceguesa\/"},{"@type":"ListItem","position":3,"name":"El tacte"}]},{"@type":"WebSite","@id":"https:\/\/asocide-cat.ddns.net\/ca\/#website","url":"https:\/\/asocide-cat.ddns.net\/ca\/","name":"ASOCIDE CATALUNYA","description":"Associaci\u00f3 de sordcecs de Catalunya","publisher":{"@id":"https:\/\/asocide-cat.ddns.net\/ca\/#organization"},"potentialAction":[{"@type":"SearchAction","target":{"@type":"EntryPoint","urlTemplate":"https:\/\/asocide-cat.ddns.net\/ca\/?s={search_term_string}"},"query-input":{"@type":"PropertyValueSpecification","valueRequired":true,"valueName":"search_term_string"}}],"inLanguage":"es"},{"@type":"Organization","@id":"https:\/\/asocide-cat.ddns.net\/ca\/#organization","name":"ASOCIDE CATALUNYA","url":"https:\/\/asocide-cat.ddns.net\/ca\/","logo":{"@type":"ImageObject","inLanguage":"es","@id":"https:\/\/asocide-cat.ddns.net\/ca\/#\/schema\/logo\/image\/","url":"https:\/\/asocide-cat.ddns.net\/wp-content\/uploads\/2021\/11\/Logo-asocide.jpg","contentUrl":"https:\/\/asocide-cat.ddns.net\/wp-content\/uploads\/2021\/11\/Logo-asocide.jpg","width":110,"height":250,"caption":"ASOCIDE CATALUNYA"},"image":{"@id":"https:\/\/asocide-cat.ddns.net\/ca\/#\/schema\/logo\/image\/"}}]}},"_links":{"self":[{"href":"https:\/\/asocide-cat.ddns.net\/es\/wp-json\/wp\/v2\/pages\/814","targetHints":{"allow":["GET"]}}],"collection":[{"href":"https:\/\/asocide-cat.ddns.net\/es\/wp-json\/wp\/v2\/pages"}],"about":[{"href":"https:\/\/asocide-cat.ddns.net\/es\/wp-json\/wp\/v2\/types\/page"}],"author":[{"embeddable":true,"href":"https:\/\/asocide-cat.ddns.net\/es\/wp-json\/wp\/v2\/users\/1"}],"replies":[{"embeddable":true,"href":"https:\/\/asocide-cat.ddns.net\/es\/wp-json\/wp\/v2\/comments?post=814"}],"version-history":[{"count":13,"href":"https:\/\/asocide-cat.ddns.net\/es\/wp-json\/wp\/v2\/pages\/814\/revisions"}],"predecessor-version":[{"id":831,"href":"https:\/\/asocide-cat.ddns.net\/es\/wp-json\/wp\/v2\/pages\/814\/revisions\/831"}],"up":[{"embeddable":true,"href":"https:\/\/asocide-cat.ddns.net\/es\/wp-json\/wp\/v2\/pages\/668"}],"wp:attachment":[{"href":"https:\/\/asocide-cat.ddns.net\/es\/wp-json\/wp\/v2\/media?parent=814"}],"curies":[{"name":"wp","href":"https:\/\/api.w.org\/{rel}","templated":true}]}}